{"id":967,"date":"2022-11-26T15:48:33","date_gmt":"2022-11-26T12:48:33","guid":{"rendered":"https:\/\/www.turkongo.com\/?page_id=967"},"modified":"2022-12-14T15:44:05","modified_gmt":"2022-12-14T12:44:05","slug":"jenerator","status":"publish","type":"page","link":"https:\/\/turkongo.com\/tr\/jenerator\/","title":{"rendered":"Jenerat\u00f6r"},"content":{"rendered":"<p>[vc_row full_width=&#8221;stretch_row_content_no_spaces&#8221; css=&#8221;.vc_custom_1669469912400{background-image: url(https:\/\/turkongo.com\/wp-content\/uploads\/2022\/11\/6.jpg?id=1008) !important;}&#8221;][vc_column][vc_empty_space height=&#8221;102px&#8221;][vc_custom_heading text=&#8221;Jenerat\u00f6r&#8221; font_container=&#8221;tag:h1|font_size:50px|text_align:center|color:%23ffffff&#8221; google_fonts=&#8221;font_family:Nunito%3A300%2Cregular%2C700|font_style:700%20bold%20regular%3A700%3Anormal&#8221;][vc_empty_space height=&#8221;102px&#8221;][\/vc_column][\/vc_row][vc_row][vc_column][vc_empty_space height=&#8221;50px&#8221;][vc_column_text]<\/p>\n<h2><strong>Jenerat\u00f6r<\/strong><\/h2>\n<p>Jenerat\u00f6r mekanik enerjiyi olu\u015fturan k\u0131s\u0131m ve alternat\u00f6r olmak \u00fczere iki ana b\u00f6l\u00fcmden olu\u015fur. Mekanik enerjiyi sa\u011flayabilmek i\u00e7in ise dizel, benzinli ve do\u011fal gazl\u0131 motorlar en yayg\u0131n \u015fekilde tercihe edilen \u00fcr\u00fcnlerdir. Bu \u00fcr\u00fcnlere alternatif olarak r\u00fczgar enerjisi, su veya buhar t\u00fcrbini kullan\u0131labilir. G\u00fcn\u00fcm\u00fczde en yayg\u0131n \u015fekilde, manuel jenerat\u00f6rler, dizel ve benzinli otomatik jenerat\u00f6rler, kaynak jenerat\u00f6rleri, trifaze jenerat\u00f6rler ve monofaze jenerat\u00f6rler kullan\u0131lmaktad\u0131r.[\/vc_column_text][\/vc_column][\/vc_row][vc_row][vc_column width=&#8221;1\/3&#8243;][vc_empty_space][vc_custom_heading text=&#8221;Portatif Jenerat\u00f6r&#8221; font_container=&#8221;tag:h2|font_size:25px|text_align:left&#8221; google_fonts=&#8221;font_family:Nunito%3A300%2Cregular%2C700|font_style:400%20regular%3A400%3Anormal&#8221;][vc_single_image image=&#8221;1005&#8243; img_size=&#8221;full&#8221; alignment=&#8221;center&#8221; style=&#8221;vc_box_outline&#8221; border_color=&#8221;black&#8221;][vc_empty_space][\/vc_column][vc_column width=&#8221;1\/3&#8243;][vc_empty_space][vc_custom_heading text=&#8221;Ev Tipi Jenerat\u00f6r&#8221; font_container=&#8221;tag:h2|font_size:25px|text_align:left&#8221; google_fonts=&#8221;font_family:Nunito%3A300%2Cregular%2C700|font_style:400%20regular%3A400%3Anormal&#8221;][vc_single_image image=&#8221;1006&#8243; img_size=&#8221;full&#8221; alignment=&#8221;center&#8221; style=&#8221;vc_box_outline&#8221; border_color=&#8221;black&#8221;][vc_empty_space][\/vc_column][vc_column width=&#8221;1\/3&#8243;][vc_empty_space][vc_custom_heading text=&#8221;End\u00fcstriyel Jenerat\u00f6r&#8221; font_container=&#8221;tag:h2|font_size:25px|text_align:left&#8221; google_fonts=&#8221;font_family:Nunito%3A300%2Cregular%2C700|font_style:400%20regular%3A400%3Anormal&#8221;][vc_single_image image=&#8221;1007&#8243; img_size=&#8221;full&#8221; alignment=&#8221;center&#8221; style=&#8221;vc_box_outline&#8221; border_color=&#8221;black&#8221;][vc_empty_space][\/vc_column][\/vc_row][vc_row full_width=&#8221;stretch_row&#8221; css=&#8221;.vc_custom_1666690871682{background-color: #000000 !important;}&#8221;][vc_column width=&#8221;2\/3&#8243;][vc_empty_space height=&#8221;25px&#8221;][vc_custom_heading text=&#8221;Turkongo&#8221; font_container=&#8221;tag:h1|font_size:24px|text_align:left|color:%23ffffff&#8221; google_fonts=&#8221;font_family:Montserrat%3Aregular%2C700|font_style:700%20bold%20regular%3A700%3Anormal&#8221;][vc_custom_heading text=&#8221;\u00c7\u00f6z\u00fcmlerimiz ve \u00fcr\u00fcnlerimiz hakk\u0131nda detayl\u0131 bilgi almak i\u00e7in ileti\u015fime ge\u00e7ebilirsiniz&#8230;&#8221; font_container=&#8221;tag:h1|font_size:25px|text_align:left|color:%23e1b34a&#8221; google_fonts=&#8221;font_family:Montserrat%3Aregular%2C700|font_style:400%20regular%3A400%3Anormal&#8221;][vc_empty_space][\/vc_column][vc_column width=&#8221;1\/3&#8243;][vc_empty_space][vc_empty_space][vc_empty_space height=&#8221;15px&#8221;][vc_btn title=&#8221;H\u0131zl\u0131 Talep Formu&#8221; style=&#8221;outline&#8221; color=&#8221;white&#8221;][vc_empty_space][\/vc_column][\/vc_row]<\/p>","protected":false},"excerpt":{"rendered":"<p>[vc_row full_width=&#8221;stretch_row_content_no_spaces&#8221; css=&#8221;.vc_custom_1669469912400{background-image: url(https:\/\/turkongo.com\/wp-content\/uploads\/2022\/11\/6.jpg?id=1008) !important;}&#8221;][vc_column][vc_empty_space height=&#8221;102px&#8221;][vc_custom_heading text=&#8221;Jenerat\u00f6r&#8221; font_container=&#8221;tag:h1|font_size:50px|text_align:center|color:%23ffffff&#8221; google_fonts=&#8221;font_family:Nunito%3A300%2Cregular%2C700|font_style:700%20bold%20regular%3A700%3Anormal&#8221;][vc_empty_space height=&#8221;102px&#8221;][\/vc_column][\/vc_row][vc_row][vc_column][vc_empty_space height=&#8221;50px&#8221;][vc_column_text] Jenerat\u00f6r Jenerat\u00f6r mekanik enerjiyi olu\u015fturan k\u0131s\u0131m ve alternat\u00f6r olmak \u00fczere iki ana b\u00f6l\u00fcmden olu\u015fur. Mekanik enerjiyi sa\u011flayabilmek i\u00e7in ise dizel, benzinli ve do\u011fal gazl\u0131 motorlar en yayg\u0131n \u015fekilde tercihe&#8230;<\/p>\n","protected":false},"author":1,"featured_media":0,"parent":0,"menu_order":0,"comment_status":"closed","ping_status":"closed","template":"","meta":{"footnotes":""},"class_list":["post-967","page","type-page","status-publish","hentry"],"_hostinger_reach_plugin_has_subscription_block":false,"_hostinger_reach_plugin_is_elementor":false,"_links":{"self":[{"href":"https:\/\/turkongo.com\/tr\/wp-json\/wp\/v2\/pages\/967","targetHints":{"allow":["GET"]}}],"collection":[{"href":"https:\/\/turkongo.com\/tr\/wp-json\/wp\/v2\/pages"}],"about":[{"href":"https:\/\/turkongo.com\/tr\/wp-json\/wp\/v2\/types\/page"}],"author":[{"embeddable":true,"href":"https:\/\/turkongo.com\/tr\/wp-json\/wp\/v2\/users\/1"}],"replies":[{"embeddable":true,"href":"https:\/\/turkongo.com\/tr\/wp-json\/wp\/v2\/comments?post=967"}],"version-history":[{"count":5,"href":"https:\/\/turkongo.com\/tr\/wp-json\/wp\/v2\/pages\/967\/revisions"}],"predecessor-version":[{"id":1154,"href":"https:\/\/turkongo.com\/tr\/wp-json\/wp\/v2\/pages\/967\/revisions\/1154"}],"wp:attachment":[{"href":"https:\/\/turkongo.com\/tr\/wp-json\/wp\/v2\/media?parent=967"}],"curies":[{"name":"wp","href":"https:\/\/api.w.org\/{rel}","templated":true}]}}