{"id":951,"date":"2022-11-26T15:40:54","date_gmt":"2022-11-26T12:40:54","guid":{"rendered":"https:\/\/www.turkongo.com\/?page_id=951"},"modified":"2022-12-14T15:41:10","modified_gmt":"2022-12-14T12:41:10","slug":"pompalar","status":"publish","type":"page","link":"https:\/\/turkongo.com\/tr\/pompalar\/","title":{"rendered":"Pompalar"},"content":{"rendered":"<p>[vc_row full_width=&#8221;stretch_row_content_no_spaces&#8221; css=&#8221;.vc_custom_1669467934323{background-image: url(https:\/\/turkongo.com\/wp-content\/uploads\/2022\/11\/2.jpg?id=987) !important;}&#8221;][vc_column][vc_empty_space height=&#8221;102px&#8221;][vc_custom_heading text=&#8221;Pompalar&#8221; font_container=&#8221;tag:h1|font_size:50px|text_align:center|color:%23ffffff&#8221; google_fonts=&#8221;font_family:Nunito%3A300%2Cregular%2C700|font_style:700%20bold%20regular%3A700%3Anormal&#8221;][vc_empty_space height=&#8221;102px&#8221;][\/vc_column][\/vc_row][vc_row][vc_column][vc_empty_space height=&#8221;50px&#8221;][vc_column_text]<\/p>\n<h2><strong>Pompalar<\/strong><\/h2>\n<p>Pompa\u00a0s\u0131v\u0131lar\u0131 ta\u015f\u0131mak i\u00e7in kullan\u0131lan mekanik bir mekanizmad\u0131r. Bir\u00a0pompa, s\u0131v\u0131y\u0131 d\u00fc\u015f\u00fck bas\u0131n\u00e7tan y\u00fcksek bas\u0131nca hareket ettirir ve bundan dolay\u0131 bas\u0131n\u00e7 i\u00e7inde bir fark olu\u015fturur.Pompalar\u00a0mekanik kuvvetlerin fiziksel kald\u0131rma veya s\u0131k\u0131\u015ft\u0131rma kuvveti ile maddeyi itmesi prensibini kullanarak \u00e7al\u0131\u015f\u0131r.[\/vc_column_text][\/vc_column][\/vc_row][vc_row][vc_column width=&#8221;1\/3&#8243;][vc_empty_space][vc_custom_heading text=&#8221;Santrif\u00fcj Pompa&#8221; font_container=&#8221;tag:h2|font_size:25px|text_align:left&#8221; google_fonts=&#8221;font_family:Nunito%3A300%2Cregular%2C700|font_style:400%20regular%3A400%3Anormal&#8221;][vc_single_image image=&#8221;989&#8243; img_size=&#8221;full&#8221; alignment=&#8221;center&#8221; style=&#8221;vc_box_outline&#8221; border_color=&#8221;black&#8221;][vc_empty_space][\/vc_column][vc_column width=&#8221;1\/3&#8243;][vc_empty_space][vc_custom_heading text=&#8221;Sirk\u00fclasyon Pompas\u0131&#8221; font_container=&#8221;tag:h2|font_size:25px|text_align:left&#8221; google_fonts=&#8221;font_family:Nunito%3A300%2Cregular%2C700|font_style:400%20regular%3A400%3Anormal&#8221;][vc_single_image image=&#8221;990&#8243; img_size=&#8221;full&#8221; alignment=&#8221;center&#8221; style=&#8221;vc_box_outline&#8221; border_color=&#8221;black&#8221;][vc_empty_space][\/vc_column][vc_column width=&#8221;1\/3&#8243;][vc_empty_space][vc_custom_heading text=&#8221;Pis Su Pompas\u0131&#8221; font_container=&#8221;tag:h2|font_size:25px|text_align:left&#8221; google_fonts=&#8221;font_family:Nunito%3A300%2Cregular%2C700|font_style:400%20regular%3A400%3Anormal&#8221;][vc_single_image image=&#8221;991&#8243; img_size=&#8221;full&#8221; alignment=&#8221;center&#8221; style=&#8221;vc_box_outline&#8221; border_color=&#8221;black&#8221;][vc_empty_space][\/vc_column][\/vc_row][vc_row full_width=&#8221;stretch_row&#8221; css=&#8221;.vc_custom_1666690871682{background-color: #000000 !important;}&#8221;][vc_column width=&#8221;2\/3&#8243;][vc_empty_space height=&#8221;25px&#8221;][vc_custom_heading text=&#8221;Turkongo&#8221; font_container=&#8221;tag:h1|font_size:24px|text_align:left|color:%23ffffff&#8221; google_fonts=&#8221;font_family:Montserrat%3Aregular%2C700|font_style:700%20bold%20regular%3A700%3Anormal&#8221;][vc_custom_heading text=&#8221;\u00c7\u00f6z\u00fcmlerimiz ve \u00fcr\u00fcnlerimiz hakk\u0131nda detayl\u0131 bilgi almak i\u00e7in ileti\u015fime ge\u00e7ebilirsiniz&#8230;&#8221; font_container=&#8221;tag:h1|font_size:25px|text_align:left|color:%23e1b34a&#8221; google_fonts=&#8221;font_family:Montserrat%3Aregular%2C700|font_style:400%20regular%3A400%3Anormal&#8221;][vc_empty_space][\/vc_column][vc_column width=&#8221;1\/3&#8243;][vc_empty_space][vc_empty_space][vc_empty_space height=&#8221;15px&#8221;][vc_btn title=&#8221;H\u0131zl\u0131 Talep Formu&#8221; style=&#8221;outline&#8221; color=&#8221;white&#8221;][vc_empty_space][\/vc_column][\/vc_row]<\/p>","protected":false},"excerpt":{"rendered":"<p>[vc_row full_width=&#8221;stretch_row_content_no_spaces&#8221; css=&#8221;.vc_custom_1669467934323{background-image: url(https:\/\/turkongo.com\/wp-content\/uploads\/2022\/11\/2.jpg?id=987) !important;}&#8221;][vc_column][vc_empty_space height=&#8221;102px&#8221;][vc_custom_heading text=&#8221;Pompalar&#8221; font_container=&#8221;tag:h1|font_size:50px|text_align:center|color:%23ffffff&#8221; google_fonts=&#8221;font_family:Nunito%3A300%2Cregular%2C700|font_style:700%20bold%20regular%3A700%3Anormal&#8221;][vc_empty_space height=&#8221;102px&#8221;][\/vc_column][\/vc_row][vc_row][vc_column][vc_empty_space height=&#8221;50px&#8221;][vc_column_text] Pompalar Pompa\u00a0s\u0131v\u0131lar\u0131 ta\u015f\u0131mak i\u00e7in kullan\u0131lan mekanik bir mekanizmad\u0131r. Bir\u00a0pompa, s\u0131v\u0131y\u0131 d\u00fc\u015f\u00fck bas\u0131n\u00e7tan y\u00fcksek bas\u0131nca hareket ettirir ve bundan dolay\u0131 bas\u0131n\u00e7 i\u00e7inde bir fark olu\u015fturur.Pompalar\u00a0mekanik kuvvetlerin fiziksel kald\u0131rma veya s\u0131k\u0131\u015ft\u0131rma&#8230;<\/p>\n","protected":false},"author":1,"featured_media":0,"parent":0,"menu_order":0,"comment_status":"closed","ping_status":"closed","template":"","meta":{"footnotes":""},"class_list":["post-951","page","type-page","status-publish","hentry"],"_hostinger_reach_plugin_has_subscription_block":false,"_hostinger_reach_plugin_is_elementor":false,"_links":{"self":[{"href":"https:\/\/turkongo.com\/tr\/wp-json\/wp\/v2\/pages\/951","targetHints":{"allow":["GET"]}}],"collection":[{"href":"https:\/\/turkongo.com\/tr\/wp-json\/wp\/v2\/pages"}],"about":[{"href":"https:\/\/turkongo.com\/tr\/wp-json\/wp\/v2\/types\/page"}],"author":[{"embeddable":true,"href":"https:\/\/turkongo.com\/tr\/wp-json\/wp\/v2\/users\/1"}],"replies":[{"embeddable":true,"href":"https:\/\/turkongo.com\/tr\/wp-json\/wp\/v2\/comments?post=951"}],"version-history":[{"count":5,"href":"https:\/\/turkongo.com\/tr\/wp-json\/wp\/v2\/pages\/951\/revisions"}],"predecessor-version":[{"id":1150,"href":"https:\/\/turkongo.com\/tr\/wp-json\/wp\/v2\/pages\/951\/revisions\/1150"}],"wp:attachment":[{"href":"https:\/\/turkongo.com\/tr\/wp-json\/wp\/v2\/media?parent=951"}],"curies":[{"name":"wp","href":"https:\/\/api.w.org\/{rel}","templated":true}]}}