{"id":916,"date":"2022-10-25T13:38:05","date_gmt":"2022-10-25T10:38:05","guid":{"rendered":"http:\/\/www.turkongo.com\/?page_id=916"},"modified":"2022-12-23T16:57:55","modified_gmt":"2022-12-23T13:57:55","slug":"lojistik-hizmetleri","status":"publish","type":"page","link":"https:\/\/turkongo.com\/tr\/lojistik-hizmetleri\/","title":{"rendered":"Lojistik Hizmetleri"},"content":{"rendered":"<p>[vc_row full_width=&#8221;stretch_row_content_no_spaces&#8221; css=&#8221;.vc_custom_1666694460386{background-image: url(http:\/\/www.turkongo.com\/wp-content\/uploads\/2022\/10\/f1.jpg?id=919) !important;}&#8221;][vc_column][vc_empty_space height=&#8221;102px&#8221;][vc_custom_heading text=&#8221;Lojistik Hizmetleri&#8221; font_container=&#8221;tag:h1|font_size:50px|text_align:center|color:%23ffffff&#8221; google_fonts=&#8221;font_family:Nunito%3A300%2Cregular%2C700|font_style:700%20bold%20regular%3A700%3Anormal&#8221;][vc_empty_space height=&#8221;102px&#8221;][\/vc_column][\/vc_row][vc_row][vc_column][vc_empty_space height=&#8221;50px&#8221;][vc_column_text]<\/p>\n<h3><strong>Lojistik Hizmetleri<\/strong><\/h3>\n<p>Turkongo Lolistik olarak partnerlerimiz ile, T\u00fcrkiye ve d\u00fcnyan\u0131n \u00f6nem arz eden t\u00fcm limanlar\u0131 aras\u0131nda ihtiyac\u0131n\u0131z olan ba\u011flant\u0131y\u0131 kurmak \u00fczere, alan\u0131nda uzman kadromuzla denizyolu ta\u015f\u0131mac\u0131l\u0131\u011f\u0131 hizmeti sunuyoruz. \u0130thalat ve ihracatta, denizyolu ta\u015f\u0131mac\u0131l\u0131\u011f\u0131nda profesyonel, g\u00fcvenilir ve ekonomik hizmet standartlar\u0131n\u0131 g\u00f6zeterek; yayg\u0131n uluslararas\u0131 network a\u011f\u0131 olanaklar\u0131m\u0131zla ihtiyac\u0131n\u0131z olan ta\u015f\u0131mac\u0131l\u0131k hizmetini do\u011fru zamanlama ile sa\u011fl\u0131yoruz. Haftal\u0131k d\u00fczenli \u00e7\u0131k\u0131\u015flarla ger\u00e7ekle\u015ftirilen konteyner ta\u015f\u0131ma hizmetini FCL ve LCL (parsiyel) olmak \u00fczere ihtiyac\u0131n\u0131za g\u00f6re iki farkl\u0131 \u015fekilde ger\u00e7ekle\u015ftiriyor ve sizin i\u00e7in uygun olan transfer \u015feklini profesyonel kadromuzun y\u00f6netiminde uyguluyoruz.[\/vc_column_text][\/vc_column][\/vc_row][vc_row][vc_column width=&#8221;1\/3&#8243;][vc_empty_space][vc_single_image image=&#8221;1021&#8243; img_size=&#8221;full&#8221; alignment=&#8221;center&#8221; style=&#8221;vc_box_outline&#8221; border_color=&#8221;black&#8221;][vc_empty_space][\/vc_column][vc_column width=&#8221;1\/3&#8243;][vc_empty_space][vc_single_image image=&#8221;1023&#8243; img_size=&#8221;full&#8221; alignment=&#8221;center&#8221; style=&#8221;vc_box_outline&#8221; border_color=&#8221;black&#8221;][vc_empty_space][\/vc_column][vc_column width=&#8221;1\/3&#8243;][vc_empty_space][vc_single_image image=&#8221;1022&#8243; img_size=&#8221;full&#8221; alignment=&#8221;center&#8221; style=&#8221;vc_box_outline&#8221; border_color=&#8221;black&#8221;][vc_empty_space][\/vc_column][\/vc_row][vc_row][vc_column][vc_custom_heading text=&#8221;Konteyner Temini&#8221; font_container=&#8221;tag:h2|font_size:28px|text_align:center&#8221; google_fonts=&#8221;font_family:Nunito%3A300%2Cregular%2C700|font_style:700%20bold%20regular%3A700%3Anormal&#8221;][\/vc_column][\/vc_row][vc_row][vc_column width=&#8221;1\/2&#8243;][vc_empty_space][vc_single_image image=&#8221;1039&#8243; img_size=&#8221;full&#8221; alignment=&#8221;center&#8221;][vc_column_text]<\/p>\n<h3 style=\"text-align: center;\"><strong><span class=\"pr-2\">20&#8217;L\u0130K DC<\/span><\/strong><\/h3>\n<p>[\/vc_column_text]<div class='table-responsive'><table class='table'><thead ><tr><th>GEN\u0130\u015eL\u0130K<\/th><th>UZUNLUK<\/th><th>Y\u00dcKSEKL\u0130K<\/th><th>HAC\u0130M<\/th><th>BO\u015e A\u011eIRLIK<\/th><th>Y\u00dcK KAPAS\u0130TES\u0130<\/th><\/tr><\/thead><tbody><tr><td>2,35 M<\/td><td>5,90 M<\/td><td>2,37 M<\/td><td>33 M\u00b3<\/td><td>2300 KG<\/td><td>21,770 KG<\/td><\/tr><\/tbody><\/table><\/div>[\/vc_column][vc_column width=&#8221;1\/2&#8243;][vc_empty_space][vc_single_image image=&#8221;1042&#8243; img_size=&#8221;full&#8221; alignment=&#8221;center&#8221;][vc_column_text]<\/p>\n<h3 style=\"text-align: center;\"><strong><span class=\"pr-2\">40&#8217;L\u0130K DC<\/span><\/strong><\/h3>\n<p>[\/vc_column_text]<div class='table-responsive'><table class='table'><thead ><tr><th>GEN\u0130\u015eL\u0130K<\/th><th>UZUNLUK<\/th><th>Y\u00dcKSEKL\u0130K<\/th><th>HAC\u0130M<\/th><th>BO\u015e A\u011eIRLIK<\/th><th>Y\u00dcK KAPAS\u0130TES\u0130<\/th><\/tr><\/thead><tbody><tr><td>2,35 M<\/td><td>11,98 M<\/td><td>2,35 M<\/td><td>66 M\u00b3<\/td><td>3.700 KG<\/td><td>26.780 KG<\/td><\/tr><\/tbody><\/table><\/div>[\/vc_column][\/vc_row][vc_row][vc_column width=&#8221;1\/2&#8243;][vc_empty_space][vc_single_image image=&#8221;1043&#8243; img_size=&#8221;full&#8221; alignment=&#8221;center&#8221;][vc_column_text]<\/p>\n<h3 style=\"text-align: center;\"><strong><span class=\"pr-2\">40&#8217;L\u0130K HC<\/span><\/strong><\/h3>\n<p>[\/vc_column_text]<div class='table-responsive'><table class='table'><thead ><tr><th>GEN\u0130\u015eL\u0130K<\/th><th>UZUNLUK<\/th><th>Y\u00dcKSEKL\u0130K<\/th><th>HAC\u0130M<\/th><th>BO\u015e A\u011eIRLIK<\/th><th>Y\u00dcK KAPAS\u0130TES\u0130<\/th><\/tr><\/thead><tbody><tr><td>2,35 M<\/td><td>11,98 M<\/td><td>2,69 M<\/td><td>76 M\u00b3<\/td><td>3.970 KG<\/td><td>26.780 KG<\/td><\/tr><\/tbody><\/table><\/div>[\/vc_column][vc_column width=&#8221;1\/2&#8243;][vc_empty_space][vc_single_image image=&#8221;1044&#8243; img_size=&#8221;full&#8221; alignment=&#8221;center&#8221;][vc_column_text]<\/p>\n<h3 style=\"text-align: center;\"><strong><span class=\"pr-2\">45&#8217;L\u0130K HC<\/span><\/strong><\/h3>\n<p>[\/vc_column_text]<div class='table-responsive'><table class='table'><thead ><tr><th>GEN\u0130\u015eL\u0130K<\/th><th>UZUNLUK<\/th><th>Y\u00dcKSEKL\u0130K<\/th><th>HAC\u0130M<\/th><th>BO\u015e A\u011eIRLIK<\/th><th>Y\u00dcK KAPAS\u0130TES\u0130<\/th><\/tr><\/thead><tbody><tr><td>2,35 M<\/td><td>13,50 M<\/td><td>2,69 M<\/td><td>86 M\u00b3<\/td><td>4.590 KG<\/td><td>27.900 KG<\/td><\/tr><\/tbody><\/table><\/div>[\/vc_column][\/vc_row][vc_row full_width=&#8221;stretch_row&#8221; css=&#8221;.vc_custom_1666690871682{background-color: #000000 !important;}&#8221;][vc_column width=&#8221;2\/3&#8243;][vc_empty_space height=&#8221;25px&#8221;][vc_custom_heading text=&#8221;Turkongo&#8221; font_container=&#8221;tag:h1|font_size:24px|text_align:left|color:%23ffffff&#8221; google_fonts=&#8221;font_family:Montserrat%3Aregular%2C700|font_style:700%20bold%20regular%3A700%3Anormal&#8221;][vc_custom_heading text=&#8221;\u00c7\u00f6z\u00fcmlerimiz ve \u00fcr\u00fcnlerimiz hakk\u0131nda detayl\u0131 bilgi almak i\u00e7in ileti\u015fime ge\u00e7ebilirsiniz&#8230;&#8221; font_container=&#8221;tag:h1|font_size:25px|text_align:left|color:%23e1b34a&#8221; google_fonts=&#8221;font_family:Montserrat%3Aregular%2C700|font_style:400%20regular%3A400%3Anormal&#8221;][vc_empty_space][\/vc_column][vc_column width=&#8221;1\/3&#8243;][vc_empty_space][vc_empty_space][vc_empty_space height=&#8221;15px&#8221;][vc_btn title=&#8221;H\u0131zl\u0131 Talep Formu&#8221; style=&#8221;outline&#8221; color=&#8221;white&#8221;][vc_empty_space][\/vc_column][\/vc_row]<\/p>","protected":false},"excerpt":{"rendered":"<p>[vc_row full_width=&#8221;stretch_row_content_no_spaces&#8221; css=&#8221;.vc_custom_1666694460386{background-image: url(http:\/\/www.turkongo.com\/wp-content\/uploads\/2022\/10\/f1.jpg?id=919) !important;}&#8221;][vc_column][vc_empty_space height=&#8221;102px&#8221;][vc_custom_heading text=&#8221;Lojistik Hizmetleri&#8221; font_container=&#8221;tag:h1|font_size:50px|text_align:center|color:%23ffffff&#8221; google_fonts=&#8221;font_family:Nunito%3A300%2Cregular%2C700|font_style:700%20bold%20regular%3A700%3Anormal&#8221;][vc_empty_space height=&#8221;102px&#8221;][\/vc_column][\/vc_row][vc_row][vc_column][vc_empty_space height=&#8221;50px&#8221;][vc_column_text] Lojistik Hizmetleri Turkongo Lolistik olarak partnerlerimiz ile, T\u00fcrkiye ve d\u00fcnyan\u0131n \u00f6nem arz eden t\u00fcm limanlar\u0131 aras\u0131nda ihtiyac\u0131n\u0131z olan ba\u011flant\u0131y\u0131 kurmak \u00fczere, alan\u0131nda uzman kadromuzla denizyolu ta\u015f\u0131mac\u0131l\u0131\u011f\u0131 hizmeti sunuyoruz&#8230;.<\/p>\n","protected":false},"author":1,"featured_media":0,"parent":0,"menu_order":0,"comment_status":"closed","ping_status":"closed","template":"","meta":{"footnotes":""},"class_list":["post-916","page","type-page","status-publish","hentry"],"_hostinger_reach_plugin_has_subscription_block":false,"_hostinger_reach_plugin_is_elementor":false,"_links":{"self":[{"href":"https:\/\/turkongo.com\/tr\/wp-json\/wp\/v2\/pages\/916","targetHints":{"allow":["GET"]}}],"collection":[{"href":"https:\/\/turkongo.com\/tr\/wp-json\/wp\/v2\/pages"}],"about":[{"href":"https:\/\/turkongo.com\/tr\/wp-json\/wp\/v2\/types\/page"}],"author":[{"embeddable":true,"href":"https:\/\/turkongo.com\/tr\/wp-json\/wp\/v2\/users\/1"}],"replies":[{"embeddable":true,"href":"https:\/\/turkongo.com\/tr\/wp-json\/wp\/v2\/comments?post=916"}],"version-history":[{"count":23,"href":"https:\/\/turkongo.com\/tr\/wp-json\/wp\/v2\/pages\/916\/revisions"}],"predecessor-version":[{"id":1186,"href":"https:\/\/turkongo.com\/tr\/wp-json\/wp\/v2\/pages\/916\/revisions\/1186"}],"wp:attachment":[{"href":"https:\/\/turkongo.com\/tr\/wp-json\/wp\/v2\/media?parent=916"}],"curies":[{"name":"wp","href":"https:\/\/api.w.org\/{rel}","templated":true}]}}