{"id":908,"date":"2022-10-25T13:06:16","date_gmt":"2022-10-25T10:06:16","guid":{"rendered":"http:\/\/www.turkongo.com\/?page_id=908"},"modified":"2022-12-14T15:39:12","modified_gmt":"2022-12-14T12:39:12","slug":"celik-kapi","status":"publish","type":"page","link":"https:\/\/turkongo.com\/tr\/celik-kapi\/","title":{"rendered":"Kap\u0131"},"content":{"rendered":"<p>[vc_row full_width=&#8221;stretch_row_content_no_spaces&#8221; css=&#8221;.vc_custom_1666694196821{background-image: url(http:\/\/www.turkongo.com\/wp-content\/uploads\/2022\/10\/d1.jpg?id=913) !important;}&#8221;][vc_column][vc_empty_space height=&#8221;102px&#8221;][vc_custom_heading text=&#8221;Kap\u0131&#8221; font_container=&#8221;tag:h1|font_size:50px|text_align:center|color:%23ffffff&#8221; google_fonts=&#8221;font_family:Nunito%3A300%2Cregular%2C700|font_style:700%20bold%20regular%3A700%3Anormal&#8221;][vc_empty_space height=&#8221;102px&#8221;][\/vc_column][\/vc_row][vc_row][vc_column][vc_empty_space height=&#8221;50px&#8221;][vc_column_text]<\/p>\n<h2><strong>\u00c7elik Kap\u0131<\/strong><\/h2>\n<p>\u00c7elik kap\u0131 \u00f6nceden bir l\u00fcks iken art\u0131k g\u00fcnl\u00fck hayat\u0131m\u0131zda her evin olmazsa olmazlar\u0131 aras\u0131nda yer al\u0131r. \u00c7elik kap\u0131lar, \u00e7elik ve sa\u00e7 malzeme ile desteklenenerek g\u00fc\u00e7lendirilmi\u015f, \u00f6zel kilit sistemlerini \u00fczerinde bulunduran, zorlama ve darbeye kar\u015f\u0131 dayan\u0131kl\u0131 \u00f6zel kap\u0131 sistemleridir.<\/p>\n<p>H\u0131rs\u0131zl\u0131k durumlar\u0131na kar\u015f\u0131 evinizi en iyi \u015fekilde koruyan \u00e7elik kap\u0131 Osmaniye&#8217;de Novva \u00c7elik Kap\u0131&#8217;dan al\u0131n\u0131r. Turkongo&#8217;da onlarca seride y\u00fczlerce \u00e7elik modeli ile b\u00fct\u00e7enize uygun be\u011fenece\u011finiz \u00e7elik kap\u0131y\u0131 sizin i\u00e7in temin ediyor.<\/p>\n<p>Art\u0131k l\u00fcksten \u00e7\u0131km\u0131\u015f olan ve her evin temel ihtiyac\u0131 olan \u00e7elik kap\u0131n\u0131z hala yok ise yada var olan \u00e7elik kap\u0131n\u0131z\u0131 de\u011fii\u015ftirmek istiyorsan\u0131z sizde hemen bizimle ileti\u015fime ge\u00e7in. Uygun fiyatlar ile sizde \u00e7elik kap\u0131 sahibi olun.[\/vc_column_text][vc_column_text]<\/p>\n<h2><strong>Ah\u015fap Kap\u0131<\/strong><\/h2>\n<p>Pvc, lake, melamin kap\u0131lar ba\u015fta olmak \u00fczere farkl\u0131 \u00fcr\u00fcn yelpazesi ile piyasan\u0131n \u00f6nc\u00fclerinden olmay\u0131 s\u00fcrd\u00fcren firmam\u0131z s\u00eezlere yeni teknoloji ile \u00fcretilen kap\u0131lar sunmaktad\u0131r.<\/p>\n<p>Ah\u015fab\u0131n do\u011fall\u0131\u011f\u0131n\u0131 ve kalitesini korumay\u0131 kendimize misyon edinen bir T\u00fcrkiye markas\u0131y\u0131z.[\/vc_column_text][\/vc_column][\/vc_row][vc_row][vc_column width=&#8221;1\/2&#8243;][vc_empty_space][vc_custom_heading text=&#8221;\u0130\u00e7 Kap\u0131&#8221; font_container=&#8221;tag:h2|font_size:25px|text_align:left&#8221; google_fonts=&#8221;font_family:Nunito%3A300%2Cregular%2C700|font_style:400%20regular%3A400%3Anormal&#8221;][vc_single_image image=&#8221;1067&#8243; img_size=&#8221;full&#8221; alignment=&#8221;center&#8221; style=&#8221;vc_box_outline&#8221; border_color=&#8221;black&#8221;][vc_empty_space][\/vc_column][vc_column width=&#8221;1\/2&#8243;][vc_empty_space][vc_custom_heading text=&#8221;D\u0131\u015f\u0131 Kap\u0131&#8221; font_container=&#8221;tag:h2|font_size:25px|text_align:left&#8221; google_fonts=&#8221;font_family:Nunito%3A300%2Cregular%2C700|font_style:400%20regular%3A400%3Anormal&#8221;][vc_single_image image=&#8221;1068&#8243; img_size=&#8221;full&#8221; alignment=&#8221;center&#8221; style=&#8221;vc_box_outline&#8221; border_color=&#8221;black&#8221;][vc_empty_space][\/vc_column][\/vc_row][vc_row][vc_column width=&#8221;1\/3&#8243;][\/vc_column][vc_column width=&#8221;1\/3&#8243;][\/vc_column][vc_column width=&#8221;1\/3&#8243;][\/vc_column][\/vc_row][vc_row full_width=&#8221;stretch_row&#8221; css=&#8221;.vc_custom_1666690871682{background-color: #000000 !important;}&#8221;][vc_column width=&#8221;2\/3&#8243;][vc_empty_space height=&#8221;25px&#8221;][vc_custom_heading text=&#8221;Turkongo&#8221; font_container=&#8221;tag:h1|font_size:24px|text_align:left|color:%23ffffff&#8221; google_fonts=&#8221;font_family:Montserrat%3Aregular%2C700|font_style:700%20bold%20regular%3A700%3Anormal&#8221;][vc_custom_heading text=&#8221;\u00c7\u00f6z\u00fcmlerimiz ve \u00fcr\u00fcnlerimiz hakk\u0131nda detayl\u0131 bilgi almak i\u00e7in ileti\u015fime ge\u00e7ebilirsiniz&#8230;&#8221; font_container=&#8221;tag:h1|font_size:25px|text_align:left|color:%23e1b34a&#8221; google_fonts=&#8221;font_family:Montserrat%3Aregular%2C700|font_style:400%20regular%3A400%3Anormal&#8221;][vc_empty_space][\/vc_column][vc_column width=&#8221;1\/3&#8243;][vc_empty_space][vc_empty_space][vc_empty_space height=&#8221;15px&#8221;][vc_btn title=&#8221;H\u0131zl\u0131 Talep Formu&#8221; style=&#8221;outline&#8221; color=&#8221;white&#8221;][vc_empty_space][\/vc_column][\/vc_row]<\/p>","protected":false},"excerpt":{"rendered":"<p>[vc_row full_width=&#8221;stretch_row_content_no_spaces&#8221; css=&#8221;.vc_custom_1666694196821{background-image: url(http:\/\/www.turkongo.com\/wp-content\/uploads\/2022\/10\/d1.jpg?id=913) !important;}&#8221;][vc_column][vc_empty_space height=&#8221;102px&#8221;][vc_custom_heading text=&#8221;Kap\u0131&#8221; font_container=&#8221;tag:h1|font_size:50px|text_align:center|color:%23ffffff&#8221; google_fonts=&#8221;font_family:Nunito%3A300%2Cregular%2C700|font_style:700%20bold%20regular%3A700%3Anormal&#8221;][vc_empty_space height=&#8221;102px&#8221;][\/vc_column][\/vc_row][vc_row][vc_column][vc_empty_space height=&#8221;50px&#8221;][vc_column_text] \u00c7elik Kap\u0131 \u00c7elik kap\u0131 \u00f6nceden bir l\u00fcks iken art\u0131k g\u00fcnl\u00fck hayat\u0131m\u0131zda her evin olmazsa olmazlar\u0131 aras\u0131nda yer al\u0131r. \u00c7elik kap\u0131lar, \u00e7elik ve sa\u00e7 malzeme ile desteklenenerek g\u00fc\u00e7lendirilmi\u015f, \u00f6zel kilit&#8230;<\/p>\n","protected":false},"author":1,"featured_media":0,"parent":0,"menu_order":0,"comment_status":"closed","ping_status":"closed","template":"","meta":{"footnotes":""},"class_list":["post-908","page","type-page","status-publish","hentry"],"_hostinger_reach_plugin_has_subscription_block":false,"_hostinger_reach_plugin_is_elementor":false,"_links":{"self":[{"href":"https:\/\/turkongo.com\/tr\/wp-json\/wp\/v2\/pages\/908","targetHints":{"allow":["GET"]}}],"collection":[{"href":"https:\/\/turkongo.com\/tr\/wp-json\/wp\/v2\/pages"}],"about":[{"href":"https:\/\/turkongo.com\/tr\/wp-json\/wp\/v2\/types\/page"}],"author":[{"embeddable":true,"href":"https:\/\/turkongo.com\/tr\/wp-json\/wp\/v2\/users\/1"}],"replies":[{"embeddable":true,"href":"https:\/\/turkongo.com\/tr\/wp-json\/wp\/v2\/comments?post=908"}],"version-history":[{"count":11,"href":"https:\/\/turkongo.com\/tr\/wp-json\/wp\/v2\/pages\/908\/revisions"}],"predecessor-version":[{"id":1148,"href":"https:\/\/turkongo.com\/tr\/wp-json\/wp\/v2\/pages\/908\/revisions\/1148"}],"wp:attachment":[{"href":"https:\/\/turkongo.com\/tr\/wp-json\/wp\/v2\/media?parent=908"}],"curies":[{"name":"wp","href":"https:\/\/api.w.org\/{rel}","templated":true}]}}