{"id":896,"date":"2022-10-25T12:59:32","date_gmt":"2022-10-25T09:59:32","guid":{"rendered":"http:\/\/www.turkongo.com\/?page_id=896"},"modified":"2022-12-23T17:01:54","modified_gmt":"2022-12-23T14:01:54","slug":"konteyner","status":"publish","type":"page","link":"https:\/\/turkongo.com\/tr\/konteyner\/","title":{"rendered":"Konteyner"},"content":{"rendered":"<p>[vc_row full_width=&#8221;stretch_row_content_no_spaces&#8221; css=&#8221;.vc_custom_1666689735872{background-image: url(http:\/\/www.turkongo.com\/wp-content\/uploads\/2022\/10\/s1.jpg?id=848) !important;}&#8221;][vc_column][vc_empty_space height=&#8221;102px&#8221;][vc_custom_heading text=&#8221;Konteyner&#8221; font_container=&#8221;tag:h1|font_size:50px|text_align:center|color:%23ffffff&#8221; google_fonts=&#8221;font_family:Nunito%3A300%2Cregular%2C700|font_style:700%20bold%20regular%3A700%3Anormal&#8221;][vc_empty_space height=&#8221;102px&#8221;][\/vc_column][\/vc_row][vc_row][vc_column][vc_empty_space height=&#8221;50px&#8221;][vc_column_text]<\/p>\n<h2><strong>Konteyner<\/strong><\/h2>\n<div class=\"cell-12 fx animated fadeInDown\" data-animate=\"fadeInDown\">Konteynerlerin kullan\u0131lma ama\u00e7lar\u0131n\u0131n ba\u015f\u0131nda \u015fantiye mobilizasyonlar\u0131 gelmektedir. \u015eantiye alan\u0131nda yemekhane, yatakhane, sosyal tesisler, tuvalet ve du\u015f yap\u0131lar\u0131, revir vb. ihtiya\u00e7lar\u0131n\u0131n kar\u015f\u0131lanmas\u0131 i\u00e7in tercih edilmektedir.<br \/>\nBunun yan\u0131 s\u0131ra \u00fcretiminin fabrika ortam\u0131nda ger\u00e7ekle\u015ftirildi\u011fi\u00a0<strong>konteynerler<\/strong>\u00a0do\u011fal afetler sonras\u0131nda acil ya\u015fam \u00fcniteleri olarak kullan\u0131lmaktad\u0131r. Bu ama\u00e7la firmam\u0131z AR-GE ve \u00dcR-GE ekibinin \u00e7al\u0131\u015fmalar\u0131 sonras\u0131nda katlan\u0131r konteyner ve i\u00e7 i\u00e7e ge\u00e7ebilen konteyner \u00fcr\u00fcnleri ile en h\u0131zl\u0131 \u015fekilde ya\u015fam ihtiya\u00e7lar\u0131n\u0131 kar\u015f\u0131layabilmektedir.<br \/>\nKonteyner \u00fcr\u00fcnlerin bir di\u011fer kullan\u0131m alan\u0131 ise konteyner ev \u00e7\u00f6z\u00fcmleridir. Genellikle nihai t\u00fcketicinin tercih etti\u011fi bu yap\u0131lar \u00e7o\u011funlukla mevsimsel, imar izni olmayan arazilerde ve k\u0131sa s\u00fcreli ihtiya\u00e7lar\u0131n kar\u015f\u0131lanmas\u0131nda kullan\u0131lmaktad\u0131r.<br \/>\nYukar\u0131daki ba\u015fl\u0131ca kullan\u0131m alanlar\u0131n\u0131n yan\u0131 s\u0131ra birle\u015fimli konteyner sistemleri ile e\u011fitim, sa\u011fl\u0131k, askeri ve kamp yap\u0131lar\u0131nda da konteynerler kullan\u0131lmaktad\u0131r.<\/div>\n<p>[\/vc_column_text][\/vc_column][\/vc_row][vc_row][vc_column width=&#8221;1\/3&#8243;][vc_empty_space][vc_custom_heading text=&#8221;2.40&#215;6.00 m Konteyner&#8221; font_container=&#8221;tag:h2|font_size:25px|text_align:left&#8221; google_fonts=&#8221;font_family:Nunito%3A300%2Cregular%2C700|font_style:400%20regular%3A400%3Anormal&#8221;][vc_single_image image=&#8221;899&#8243; img_size=&#8221;full&#8221; alignment=&#8221;center&#8221; style=&#8221;vc_box_outline&#8221; border_color=&#8221;black&#8221;][vc_empty_space][\/vc_column][vc_column width=&#8221;1\/3&#8243;][vc_empty_space][vc_custom_heading text=&#8221;3.00&#215;7.00 m Konteyner&#8221; font_container=&#8221;tag:h2|font_size:25px|text_align:left&#8221; google_fonts=&#8221;font_family:Nunito%3A300%2Cregular%2C700|font_style:400%20regular%3A400%3Anormal&#8221;][vc_single_image image=&#8221;900&#8243; img_size=&#8221;full&#8221; alignment=&#8221;center&#8221; style=&#8221;vc_box_outline&#8221; border_color=&#8221;black&#8221;][vc_empty_space][\/vc_column][vc_column width=&#8221;1\/3&#8243;][vc_empty_space][vc_custom_heading text=&#8221;Ofis Konteyneri&#8221; font_container=&#8221;tag:h2|font_size:25px|text_align:left&#8221; google_fonts=&#8221;font_family:Nunito%3A300%2Cregular%2C700|font_style:400%20regular%3A400%3Anormal&#8221;][vc_single_image image=&#8221;901&#8243; img_size=&#8221;full&#8221; alignment=&#8221;center&#8221; style=&#8221;vc_box_outline&#8221; border_color=&#8221;black&#8221;][vc_empty_space][\/vc_column][\/vc_row][vc_row][vc_column width=&#8221;1\/3&#8243;][vc_empty_space][vc_custom_heading text=&#8221;Yemekhane Konteyneri&#8221; font_container=&#8221;tag:h2|font_size:25px|text_align:left&#8221; google_fonts=&#8221;font_family:Nunito%3A300%2Cregular%2C700|font_style:400%20regular%3A400%3Anormal&#8221;][vc_single_image image=&#8221;902&#8243; img_size=&#8221;full&#8221; alignment=&#8221;center&#8221; style=&#8221;vc_box_outline&#8221; border_color=&#8221;black&#8221;][vc_empty_space][\/vc_column][vc_column width=&#8221;1\/3&#8243;][vc_empty_space][vc_custom_heading text=&#8221;Yatakhane Konteyneri&#8221; font_container=&#8221;tag:h2|font_size:25px|text_align:left&#8221; google_fonts=&#8221;font_family:Nunito%3A300%2Cregular%2C700|font_style:400%20regular%3A400%3Anormal&#8221;][vc_single_image image=&#8221;903&#8243; img_size=&#8221;full&#8221; alignment=&#8221;center&#8221; style=&#8221;vc_box_outline&#8221; border_color=&#8221;black&#8221;][vc_empty_space][\/vc_column][vc_column width=&#8221;1\/3&#8243;][vc_empty_space][vc_custom_heading text=&#8221;WC-Du\u015f Konteyneri&#8221; font_container=&#8221;tag:h2|font_size:25px|text_align:left&#8221; google_fonts=&#8221;font_family:Nunito%3A300%2Cregular%2C700|font_style:400%20regular%3A400%3Anormal&#8221;][vc_single_image image=&#8221;904&#8243; img_size=&#8221;full&#8221; alignment=&#8221;center&#8221; style=&#8221;vc_box_outline&#8221; border_color=&#8221;black&#8221;][vc_empty_space][\/vc_column][\/vc_row][vc_row][vc_column width=&#8221;1\/3&#8243;][vc_empty_space][vc_custom_heading text=&#8221;Paket Ev&#8221; font_container=&#8221;tag:h2|font_size:25px|text_align:left&#8221; google_fonts=&#8221;font_family:Nunito%3A300%2Cregular%2C700|font_style:400%20regular%3A400%3Anormal&#8221;][vc_single_image image=&#8221;905&#8243; img_size=&#8221;full&#8221; alignment=&#8221;center&#8221; style=&#8221;vc_box_outline&#8221; border_color=&#8221;black&#8221;][vc_empty_space][\/vc_column][vc_column width=&#8221;1\/3&#8243;][\/vc_column][vc_column width=&#8221;1\/3&#8243;][\/vc_column][\/vc_row][vc_row full_width=&#8221;stretch_row&#8221; css=&#8221;.vc_custom_1666690871682{background-color: #000000 !important;}&#8221;][vc_column width=&#8221;2\/3&#8243;][vc_empty_space height=&#8221;25px&#8221;][vc_custom_heading text=&#8221;Turkongo&#8221; font_container=&#8221;tag:h1|font_size:24px|text_align:left|color:%23ffffff&#8221; google_fonts=&#8221;font_family:Montserrat%3Aregular%2C700|font_style:700%20bold%20regular%3A700%3Anormal&#8221;][vc_custom_heading text=&#8221;\u00c7\u00f6z\u00fcmlerimiz ve \u00fcr\u00fcnlerimiz hakk\u0131nda detayl\u0131 bilgi almak i\u00e7in ileti\u015fime ge\u00e7ebilirsiniz&#8230;&#8221; font_container=&#8221;tag:h1|font_size:25px|text_align:left|color:%23e1b34a&#8221; google_fonts=&#8221;font_family:Montserrat%3Aregular%2C700|font_style:400%20regular%3A400%3Anormal&#8221;][vc_empty_space][\/vc_column][vc_column width=&#8221;1\/3&#8243;][vc_empty_space][vc_empty_space][vc_empty_space height=&#8221;15px&#8221;][vc_btn title=&#8221;H\u0131zl\u0131 Talep Formu&#8221; style=&#8221;outline&#8221; color=&#8221;white&#8221;][vc_empty_space][\/vc_column][\/vc_row]<\/p>","protected":false},"excerpt":{"rendered":"<p>[vc_row full_width=&#8221;stretch_row_content_no_spaces&#8221; css=&#8221;.vc_custom_1666689735872{background-image: url(http:\/\/www.turkongo.com\/wp-content\/uploads\/2022\/10\/s1.jpg?id=848) !important;}&#8221;][vc_column][vc_empty_space height=&#8221;102px&#8221;][vc_custom_heading text=&#8221;Konteyner&#8221; font_container=&#8221;tag:h1|font_size:50px|text_align:center|color:%23ffffff&#8221; google_fonts=&#8221;font_family:Nunito%3A300%2Cregular%2C700|font_style:700%20bold%20regular%3A700%3Anormal&#8221;][vc_empty_space height=&#8221;102px&#8221;][\/vc_column][\/vc_row][vc_row][vc_column][vc_empty_space height=&#8221;50px&#8221;][vc_column_text] Konteyner Konteynerlerin kullan\u0131lma ama\u00e7lar\u0131n\u0131n ba\u015f\u0131nda \u015fantiye mobilizasyonlar\u0131 gelmektedir. \u015eantiye alan\u0131nda yemekhane, yatakhane, sosyal tesisler, tuvalet ve du\u015f yap\u0131lar\u0131, revir vb. ihtiya\u00e7lar\u0131n\u0131n kar\u015f\u0131lanmas\u0131 i\u00e7in tercih edilmektedir. Bunun yan\u0131 s\u0131ra \u00fcretiminin&#8230;<\/p>\n","protected":false},"author":1,"featured_media":0,"parent":0,"menu_order":0,"comment_status":"closed","ping_status":"closed","template":"","meta":{"footnotes":""},"class_list":["post-896","page","type-page","status-publish","hentry"],"_hostinger_reach_plugin_has_subscription_block":false,"_hostinger_reach_plugin_is_elementor":false,"_links":{"self":[{"href":"https:\/\/turkongo.com\/tr\/wp-json\/wp\/v2\/pages\/896","targetHints":{"allow":["GET"]}}],"collection":[{"href":"https:\/\/turkongo.com\/tr\/wp-json\/wp\/v2\/pages"}],"about":[{"href":"https:\/\/turkongo.com\/tr\/wp-json\/wp\/v2\/types\/page"}],"author":[{"embeddable":true,"href":"https:\/\/turkongo.com\/tr\/wp-json\/wp\/v2\/users\/1"}],"replies":[{"embeddable":true,"href":"https:\/\/turkongo.com\/tr\/wp-json\/wp\/v2\/comments?post=896"}],"version-history":[{"count":5,"href":"https:\/\/turkongo.com\/tr\/wp-json\/wp\/v2\/pages\/896\/revisions"}],"predecessor-version":[{"id":1192,"href":"https:\/\/turkongo.com\/tr\/wp-json\/wp\/v2\/pages\/896\/revisions\/1192"}],"wp:attachment":[{"href":"https:\/\/turkongo.com\/tr\/wp-json\/wp\/v2\/media?parent=896"}],"curies":[{"name":"wp","href":"https:\/\/api.w.org\/{rel}","templated":true}]}}