{"id":887,"date":"2022-10-25T12:53:55","date_gmt":"2022-10-25T09:53:55","guid":{"rendered":"http:\/\/www.turkongo.com\/?page_id=887"},"modified":"2022-12-23T17:01:29","modified_gmt":"2022-12-23T14:01:29","slug":"prefabrik-ev","status":"publish","type":"page","link":"https:\/\/turkongo.com\/tr\/prefabrik-ev\/","title":{"rendered":"Prefabrik Ev"},"content":{"rendered":"<p>[vc_row full_width=&#8221;stretch_row_content_no_spaces&#8221; css=&#8221;.vc_custom_1666691882030{background-image: url(http:\/\/www.turkongo.com\/wp-content\/uploads\/2022\/10\/1-2.jpg?id=893) !important;}&#8221;][vc_column][vc_empty_space height=&#8221;102px&#8221;][vc_custom_heading text=&#8221;Prefabrik Ev&#8221; font_container=&#8221;tag:h1|font_size:50px|text_align:center|color:%23ffffff&#8221; google_fonts=&#8221;font_family:Nunito%3A300%2Cregular%2C700|font_style:700%20bold%20regular%3A700%3Anormal&#8221;][vc_empty_space height=&#8221;102px&#8221;][\/vc_column][\/vc_row][vc_row][vc_column][vc_empty_space height=&#8221;50px&#8221;][vc_column_text]<\/p>\n<h2><strong>Prefabrik Ev<\/strong><\/h2>\n<p>n\u00fcm\u00fczde prefabrik ev kullan\u0131m\u0131 giderek artmaktad\u0131r. Prefabrik evler; fabrikasyon olarak demonte halde \u00fcretilen ve istenilen her t\u00fcrl\u00fc alan ya da araziye kurulumu yap\u0131labilen sistemlerdir. Prefabrik ev \u00e7\u00f6z\u00fcmleri, standart yap\u0131lara g\u00f6re \u00e7ok daha uygun maliyetli ve \u00e7ok k\u0131sa s\u00fcrede teslim edilebilen yap\u0131lard\u0131r.<\/p>\n<p>Prefabrik evlerin ortalama \u00f6m\u00fcrleri 45-65 y\u0131l aras\u0131nda olup, her mevsimde kullan\u0131labilmektedir.\u00a0<strong>Prefabrik evlerin yap\u0131m a\u015famalar\u0131n\u0131 basit bir \u015fekilde s\u0131ralayacak olursak;<\/strong><\/p>\n<p>&#8211; \u0130lk olarak prefabrik evin bulunaca\u011f\u0131 alana temel betonu at\u0131lmaktad\u0131r.<br \/>\n&#8211;\u00a0Monte edilecek olan prefabrike sistem (prefabrik,\u00a0karkasl\u0131 sistem prefabrik yap\u0131lar,\u00a0hafif \u00e7elik yap\u0131lar) olu\u015fturulmaya ba\u015flan\u0131r.<br \/>\n&#8211;\u00a0Prefabrik yap\u0131n\u0131n par\u00e7alar\u0131 birbirine ve zemine sabitlenerek kurulum a\u015famas\u0131 bitirilir.<br \/>\n&#8211;\u00a0T\u00fcm tesisat i\u015fleri s\u0131va alt\u0131 olarak bitirilir ve duvar, zemin kaplamalar\u0131 yap\u0131l\u0131r.<br \/>\n&#8211;\u00a0Son olarak da anla\u015fmaya g\u00f6re talep edilen di\u011fer hizmetler yap\u0131larak, prefabrik bina m\u00fc\u015fteriye teslim edilir.<\/p>\n<p><strong>Prefabrik yap\u0131larda 3 modern in\u015faat tekni\u011fi bulunmaktad\u0131r. Bu teknikleri inceleyecek olursak;<\/strong><\/p>\n<p><strong>1- Mod\u00fcler Yap\u0131:\u00a0<\/strong>Yap\u0131lacak olan binan\u0131n mod\u00fcler halde \u00fcretilmesidir. Yani oturma odas\u0131, banyo, mutfak vb. odalar birbirinden ba\u011f\u0131ms\u0131z olarak in\u015fa edilerek sonras\u0131nda birle\u015ftirme i\u015flemi yap\u0131lmaktad\u0131r. (Bu sistem sadece konteyner yap\u0131larda kullan\u0131lmaktad\u0131r.)<br \/>\n<strong>2- Mobil Yap\u0131:<\/strong>\u00a0Bu tip evler de tamamlanm\u0131\u015f bir evin istenilen yere bir b\u00fct\u00fcn halinde ta\u015f\u0131nma i\u015flemine denilmektedir. (Tiny house vb.)<br \/>\n<strong>3-\u00a0Panel Yap\u0131:<\/strong>\u00a0Panel yap\u0131lar, \u00f6n \u00fcretimi fabrikada yap\u0131larak demonte halde montaj sahas\u0131na g\u00f6nderilir ve istenilen prefabrik yap\u0131 yerinde montaj yap\u0131larak m\u00fc\u015fteriye en k\u0131sa s\u00fcre i\u00e7erisinde teslim edilir.[\/vc_column_text][\/vc_column][\/vc_row][vc_row][vc_column width=&#8221;1\/3&#8243;][vc_empty_space][vc_custom_heading text=&#8221;Tek Katl\u0131 Prefabrik Ev&#8221; font_container=&#8221;tag:h2|font_size:25px|text_align:left&#8221; google_fonts=&#8221;font_family:Nunito%3A300%2Cregular%2C700|font_style:400%20regular%3A400%3Anormal&#8221;][vc_single_image image=&#8221;890&#8243; img_size=&#8221;full&#8221; alignment=&#8221;center&#8221; style=&#8221;vc_box_outline&#8221; border_color=&#8221;black&#8221;][vc_empty_space][\/vc_column][vc_column width=&#8221;1\/3&#8243;][vc_empty_space][vc_custom_heading text=&#8221;Dublex Prefabrik Ev&#8221; font_container=&#8221;tag:h2|font_size:25px|text_align:left&#8221; google_fonts=&#8221;font_family:Nunito%3A300%2Cregular%2C700|font_style:400%20regular%3A400%3Anormal&#8221;][vc_single_image image=&#8221;891&#8243; img_size=&#8221;full&#8221; alignment=&#8221;center&#8221; style=&#8221;vc_box_outline&#8221; border_color=&#8221;black&#8221;][vc_empty_space][\/vc_column][vc_column width=&#8221;1\/3&#8243;][\/vc_column][\/vc_row][vc_row full_width=&#8221;stretch_row&#8221; css=&#8221;.vc_custom_1666690871682{background-color: #000000 !important;}&#8221;][vc_column width=&#8221;2\/3&#8243;][vc_empty_space height=&#8221;25px&#8221;][vc_custom_heading text=&#8221;Turkongo&#8221; font_container=&#8221;tag:h1|font_size:24px|text_align:left|color:%23ffffff&#8221; google_fonts=&#8221;font_family:Montserrat%3Aregular%2C700|font_style:700%20bold%20regular%3A700%3Anormal&#8221;][vc_custom_heading text=&#8221;\u00c7\u00f6z\u00fcmlerimiz ve \u00fcr\u00fcnlerimiz hakk\u0131nda detayl\u0131 bilgi almak i\u00e7in ileti\u015fime ge\u00e7ebilirsiniz&#8230;&#8221; font_container=&#8221;tag:h1|font_size:25px|text_align:left|color:%23e1b34a&#8221; google_fonts=&#8221;font_family:Montserrat%3Aregular%2C700|font_style:400%20regular%3A400%3Anormal&#8221;][vc_empty_space][\/vc_column][vc_column width=&#8221;1\/3&#8243;][vc_empty_space][vc_empty_space][vc_empty_space height=&#8221;15px&#8221;][vc_btn title=&#8221;H\u0131zl\u0131 Talep Formu&#8221; style=&#8221;outline&#8221; color=&#8221;white&#8221;][vc_empty_space][\/vc_column][\/vc_row]<\/p>","protected":false},"excerpt":{"rendered":"<p>[vc_row full_width=&#8221;stretch_row_content_no_spaces&#8221; css=&#8221;.vc_custom_1666691882030{background-image: url(http:\/\/www.turkongo.com\/wp-content\/uploads\/2022\/10\/1-2.jpg?id=893) !important;}&#8221;][vc_column][vc_empty_space height=&#8221;102px&#8221;][vc_custom_heading text=&#8221;Prefabrik Ev&#8221; font_container=&#8221;tag:h1|font_size:50px|text_align:center|color:%23ffffff&#8221; google_fonts=&#8221;font_family:Nunito%3A300%2Cregular%2C700|font_style:700%20bold%20regular%3A700%3Anormal&#8221;][vc_empty_space height=&#8221;102px&#8221;][\/vc_column][\/vc_row][vc_row][vc_column][vc_empty_space height=&#8221;50px&#8221;][vc_column_text] Prefabrik Ev n\u00fcm\u00fczde prefabrik ev kullan\u0131m\u0131 giderek artmaktad\u0131r. Prefabrik evler; fabrikasyon olarak demonte halde \u00fcretilen ve istenilen her t\u00fcrl\u00fc alan ya da araziye kurulumu yap\u0131labilen sistemlerdir. Prefabrik ev&#8230;<\/p>\n","protected":false},"author":1,"featured_media":0,"parent":0,"menu_order":0,"comment_status":"closed","ping_status":"closed","template":"","meta":{"footnotes":""},"class_list":["post-887","page","type-page","status-publish","hentry"],"_hostinger_reach_plugin_has_subscription_block":false,"_hostinger_reach_plugin_is_elementor":false,"_links":{"self":[{"href":"https:\/\/turkongo.com\/tr\/wp-json\/wp\/v2\/pages\/887","targetHints":{"allow":["GET"]}}],"collection":[{"href":"https:\/\/turkongo.com\/tr\/wp-json\/wp\/v2\/pages"}],"about":[{"href":"https:\/\/turkongo.com\/tr\/wp-json\/wp\/v2\/types\/page"}],"author":[{"embeddable":true,"href":"https:\/\/turkongo.com\/tr\/wp-json\/wp\/v2\/users\/1"}],"replies":[{"embeddable":true,"href":"https:\/\/turkongo.com\/tr\/wp-json\/wp\/v2\/comments?post=887"}],"version-history":[{"count":6,"href":"https:\/\/turkongo.com\/tr\/wp-json\/wp\/v2\/pages\/887\/revisions"}],"predecessor-version":[{"id":1191,"href":"https:\/\/turkongo.com\/tr\/wp-json\/wp\/v2\/pages\/887\/revisions\/1191"}],"wp:attachment":[{"href":"https:\/\/turkongo.com\/tr\/wp-json\/wp\/v2\/media?parent=887"}],"curies":[{"name":"wp","href":"https:\/\/api.w.org\/{rel}","templated":true}]}}