{"id":874,"date":"2022-10-25T12:44:55","date_gmt":"2022-10-25T09:44:55","guid":{"rendered":"http:\/\/www.turkongo.com\/?page_id=874"},"modified":"2022-12-23T17:05:21","modified_gmt":"2022-12-23T14:05:21","slug":"hafif-celik-yapi","status":"publish","type":"page","link":"https:\/\/turkongo.com\/tr\/hafif-celik-yapi\/","title":{"rendered":"Hafif \u00c7elik Yap\u0131"},"content":{"rendered":"<p>[vc_row full_width=&#8221;stretch_row_content_no_spaces&#8221; css=&#8221;.vc_custom_1666691259826{background-image: url(http:\/\/www.turkongo.com\/wp-content\/uploads\/2022\/10\/1-1.jpg?id=877) !important;}&#8221;][vc_column][vc_empty_space height=&#8221;102px&#8221;][vc_custom_heading text=&#8221;Hafif \u00c7elik Yap\u0131&#8221; font_container=&#8221;tag:h1|font_size:50px|text_align:center|color:%23ffffff&#8221; google_fonts=&#8221;font_family:Nunito%3A300%2Cregular%2C700|font_style:700%20bold%20regular%3A700%3Anormal&#8221;][vc_empty_space height=&#8221;102px&#8221;][\/vc_column][\/vc_row][vc_row][vc_column][vc_empty_space height=&#8221;50px&#8221;][vc_column_text]<\/p>\n<h2><strong>Hafif \u00c7elik Yap\u0131<\/strong><\/h2>\n<p>Vekon, yenilik\u00e7i \u00fcretim ve hizmet anlay\u0131\u015f\u0131yla hafif \u00e7elik yap\u0131 sisteminin T\u00fcrkiye\u2019de kabul g\u00f6rmesini ve yayg\u0131nla\u015fmas\u0131n\u0131 sa\u011flam\u0131\u015ft\u0131r. \u00dcretim ve hizmet teknolojisini, k\u00fcresel in\u015faat sekt\u00f6r\u00fcn\u00fcn geli\u015fimine paralel olarak s\u00fcrekli yenileyen Vekon, \u00e7eli\u011fi estetik ve konforla birle\u015ftirmeyi ba\u015fararak ya\u015fam alan\u0131 in\u015fas\u0131na yepyeni bir soluk kazand\u0131rm\u0131\u015ft\u0131r.<\/p>\n<p>Hafif \u00e7elik yap\u0131 sistemi, yeni ya\u015fam alanlar\u0131n\u0131n in\u015fas\u0131nda \u00e7ok b\u00fcy\u00fck avantajlar sa\u011flar. Bu avantajlar, hafif \u00e7elik yap\u0131 sisteminin d\u00fcnyada ve \u00fclkemizde h\u0131zla yayg\u0131nla\u015fmas\u0131n\u0131 ve \u00e7ok geni\u015f bir kullan\u0131m alan\u0131na ula\u015fmas\u0131n\u0131 sa\u011flam\u0131\u015ft\u0131r.[\/vc_column_text][\/vc_column][\/vc_row][vc_row][vc_column width=&#8221;1\/3&#8243;][vc_empty_space][vc_custom_heading text=&#8221;Ofis Yap\u0131lar\u0131&#8221; font_container=&#8221;tag:h2|font_size:25px|text_align:left&#8221; google_fonts=&#8221;font_family:Nunito%3A300%2Cregular%2C700|font_style:400%20regular%3A400%3Anormal&#8221;][vc_single_image image=&#8221;879&#8243; img_size=&#8221;full&#8221; alignment=&#8221;center&#8221; style=&#8221;vc_box_outline&#8221; border_color=&#8221;black&#8221;][vc_empty_space][\/vc_column][vc_column width=&#8221;1\/3&#8243;][vc_empty_space][vc_custom_heading text=&#8221;Sat\u0131\u015f Ofisleri&#8221; font_container=&#8221;tag:h2|font_size:25px|text_align:left&#8221; google_fonts=&#8221;font_family:Nunito%3A300%2Cregular%2C700|font_style:400%20regular%3A400%3Anormal&#8221;][vc_single_image image=&#8221;880&#8243; img_size=&#8221;full&#8221; alignment=&#8221;center&#8221; style=&#8221;vc_box_outline&#8221; border_color=&#8221;black&#8221;][vc_empty_space][\/vc_column][vc_column width=&#8221;1\/3&#8243;][vc_empty_space][vc_custom_heading text=&#8221;Sa\u011fl\u0131k Yap\u0131lar\u0131&#8221; font_container=&#8221;tag:h2|font_size:25px|text_align:left&#8221; google_fonts=&#8221;font_family:Nunito%3A300%2Cregular%2C700|font_style:400%20regular%3A400%3Anormal&#8221;][vc_single_image image=&#8221;881&#8243; img_size=&#8221;full&#8221; alignment=&#8221;center&#8221; style=&#8221;vc_box_outline&#8221; border_color=&#8221;black&#8221;][vc_empty_space][\/vc_column][\/vc_row][vc_row][vc_column width=&#8221;1\/3&#8243;][vc_empty_space][vc_custom_heading text=&#8221;E\u011fitim Yap\u0131lar\u0131&#8221; font_container=&#8221;tag:h2|font_size:25px|text_align:left&#8221; google_fonts=&#8221;font_family:Nunito%3A300%2Cregular%2C700|font_style:400%20regular%3A400%3Anormal&#8221;][vc_single_image image=&#8221;882&#8243; img_size=&#8221;full&#8221; alignment=&#8221;center&#8221; style=&#8221;vc_box_outline&#8221; border_color=&#8221;black&#8221;][vc_empty_space][\/vc_column][vc_column width=&#8221;1\/3&#8243;][vc_empty_space][vc_custom_heading text=&#8221;Hafif \u00c7elik Ev&#8221; font_container=&#8221;tag:h2|font_size:25px|text_align:left&#8221; google_fonts=&#8221;font_family:Nunito%3A300%2Cregular%2C700|font_style:400%20regular%3A400%3Anormal&#8221;][vc_single_image image=&#8221;883&#8243; img_size=&#8221;full&#8221; alignment=&#8221;center&#8221; style=&#8221;vc_box_outline&#8221; border_color=&#8221;black&#8221;][vc_empty_space][\/vc_column][vc_column width=&#8221;1\/3&#8243;][vc_empty_space][vc_custom_heading text=&#8221;Hafif \u00c7elik Villa&#8221; font_container=&#8221;tag:h2|font_size:25px|text_align:left&#8221; google_fonts=&#8221;font_family:Nunito%3A300%2Cregular%2C700|font_style:400%20regular%3A400%3Anormal&#8221;][vc_single_image image=&#8221;884&#8243; img_size=&#8221;full&#8221; alignment=&#8221;center&#8221; style=&#8221;vc_box_outline&#8221; border_color=&#8221;black&#8221;][vc_empty_space][\/vc_column][\/vc_row][vc_row full_width=&#8221;stretch_row&#8221; css=&#8221;.vc_custom_1666690871682{background-color: #000000 !important;}&#8221;][vc_column width=&#8221;2\/3&#8243;][vc_empty_space height=&#8221;25px&#8221;][vc_custom_heading text=&#8221;Turkongo&#8221; font_container=&#8221;tag:h1|font_size:24px|text_align:left|color:%23ffffff&#8221; google_fonts=&#8221;font_family:Montserrat%3Aregular%2C700|font_style:700%20bold%20regular%3A700%3Anormal&#8221;][vc_custom_heading text=&#8221;\u00c7\u00f6z\u00fcmlerimiz ve \u00fcr\u00fcnlerimiz hakk\u0131nda detayl\u0131 bilgi almak i\u00e7in ileti\u015fime ge\u00e7ebilirsiniz&#8230;&#8221; font_container=&#8221;tag:h1|font_size:25px|text_align:left|color:%23e1b34a&#8221; google_fonts=&#8221;font_family:Montserrat%3Aregular%2C700|font_style:400%20regular%3A400%3Anormal&#8221;][vc_empty_space][\/vc_column][vc_column width=&#8221;1\/3&#8243;][vc_empty_space][vc_empty_space][vc_empty_space height=&#8221;15px&#8221;][vc_btn title=&#8221;H\u0131zl\u0131 Talep Formu&#8221; style=&#8221;outline&#8221; color=&#8221;white&#8221; link=&#8221;url:https%3A%2F%2Fturkongo.com%2Ftalep-formu%2F&#8221;][vc_empty_space][\/vc_column][\/vc_row]<\/p>","protected":false},"excerpt":{"rendered":"<p>[vc_row full_width=&#8221;stretch_row_content_no_spaces&#8221; css=&#8221;.vc_custom_1666691259826{background-image: url(http:\/\/www.turkongo.com\/wp-content\/uploads\/2022\/10\/1-1.jpg?id=877) !important;}&#8221;][vc_column][vc_empty_space height=&#8221;102px&#8221;][vc_custom_heading text=&#8221;Hafif \u00c7elik Yap\u0131&#8221; font_container=&#8221;tag:h1|font_size:50px|text_align:center|color:%23ffffff&#8221; google_fonts=&#8221;font_family:Nunito%3A300%2Cregular%2C700|font_style:700%20bold%20regular%3A700%3Anormal&#8221;][vc_empty_space height=&#8221;102px&#8221;][\/vc_column][\/vc_row][vc_row][vc_column][vc_empty_space height=&#8221;50px&#8221;][vc_column_text] Hafif \u00c7elik Yap\u0131 Vekon, yenilik\u00e7i \u00fcretim ve hizmet anlay\u0131\u015f\u0131yla hafif \u00e7elik yap\u0131 sisteminin T\u00fcrkiye\u2019de kabul g\u00f6rmesini ve yayg\u0131nla\u015fmas\u0131n\u0131 sa\u011flam\u0131\u015ft\u0131r. \u00dcretim ve hizmet teknolojisini, k\u00fcresel in\u015faat sekt\u00f6r\u00fcn\u00fcn geli\u015fimine&#8230;<\/p>\n","protected":false},"author":1,"featured_media":0,"parent":0,"menu_order":0,"comment_status":"closed","ping_status":"closed","template":"","meta":{"footnotes":""},"class_list":["post-874","page","type-page","status-publish","hentry"],"_hostinger_reach_plugin_has_subscription_block":false,"_hostinger_reach_plugin_is_elementor":false,"_links":{"self":[{"href":"https:\/\/turkongo.com\/tr\/wp-json\/wp\/v2\/pages\/874","targetHints":{"allow":["GET"]}}],"collection":[{"href":"https:\/\/turkongo.com\/tr\/wp-json\/wp\/v2\/pages"}],"about":[{"href":"https:\/\/turkongo.com\/tr\/wp-json\/wp\/v2\/types\/page"}],"author":[{"embeddable":true,"href":"https:\/\/turkongo.com\/tr\/wp-json\/wp\/v2\/users\/1"}],"replies":[{"embeddable":true,"href":"https:\/\/turkongo.com\/tr\/wp-json\/wp\/v2\/comments?post=874"}],"version-history":[{"count":9,"href":"https:\/\/turkongo.com\/tr\/wp-json\/wp\/v2\/pages\/874\/revisions"}],"predecessor-version":[{"id":1196,"href":"https:\/\/turkongo.com\/tr\/wp-json\/wp\/v2\/pages\/874\/revisions\/1196"}],"wp:attachment":[{"href":"https:\/\/turkongo.com\/tr\/wp-json\/wp\/v2\/media?parent=874"}],"curies":[{"name":"wp","href":"https:\/\/api.w.org\/{rel}","templated":true}]}}