{"id":791,"date":"2016-10-20T14:17:11","date_gmt":"2016-10-20T14:17:11","guid":{"rendered":"http:\/\/astudio.si\/dummy-content\/constructo-new-6\/?page_id=787"},"modified":"2024-10-16T19:03:11","modified_gmt":"2024-10-16T16:03:11","slug":"enerji","status":"publish","type":"page","link":"https:\/\/turkongo.com\/tr\/enerji\/","title":{"rendered":"Enerji"},"content":{"rendered":"<p>[vc_row css=&#8221;.vc_custom_1425025862891{margin-top: -75px !important;}&#8221; has_content=&#8221;true&#8221;][vc_column][vc_column_text]<strong>Sessiz Enerji<\/strong> <strong>2021 y\u0131l\u0131nda<\/strong> kurulmu\u015ftur. <strong>Ta\u015f\u0131nabilir enerji sekt\u00f6r\u00fcnde<\/strong> k\u0131sa s\u00fcre i\u00e7erisinde <strong>T\u00fcrkiye\u2019de YouTube videolar\u0131<\/strong> ile ses getirmi\u015ftir. Ba\u015fta firmam\u0131z <strong>YouTube\/yapisletseyret<\/strong> kanal\u0131 arac\u0131l\u0131\u011f\u0131 ile \u00e7\u0131k\u0131lan yolda <strong>b\u00f6lgesel yap\u0131dan kurtulmu\u015f<\/strong> ve <strong>\u00fclkenin tamam\u0131na ula\u015fm\u0131\u015f nadir bir ba\u015far\u0131<\/strong> g\u00f6stermi\u015ftir.<\/p>\n<p><strong>Sessiz Enerji<\/strong>, <strong>yeni nesil g\u00fc\u00e7 kayna\u011f\u0131<\/strong> imalat\u0131 yapan ve <strong>yenilenebilir enerji sistemleri<\/strong> projelendiren bir <strong>teknoloji kurulu\u015fudur<\/strong>. <strong>%100 Yerli olan cihazlar\u0131m\u0131z\u0131n<\/strong> imalat\u0131, <strong>Zonguldak\/Kozlu<\/strong> il\u00e7esinde <strong>uzman ekiplerimiz<\/strong> taraf\u0131ndan yap\u0131lmaktad\u0131r.<\/p>\n<p><strong>G\u00fc\u00e7 kayna\u011f\u0131 sekt\u00f6r\u00fcne yeni bir teknolojik r\u00fczgar katan Sessiz Enerji<\/strong> markam\u0131z, <strong>daha temiz bir d\u00fcnya<\/strong> hedeflerken <strong>fosil yak\u0131t kullanan motorlu jenerat\u00f6rlere alternatif<\/strong> olmu\u015ftur.<\/p>\n<p>Firmam\u0131z <strong>tamamen sessiz ve \u00e7evreci<\/strong> <strong>yeni nesil g\u00fc\u00e7 kaynaklar\u0131m\u0131z\u0131n<\/strong> imalat ve sat\u0131\u015f\u0131n\u0131 yapmaktad\u0131r.<\/p>\n<p>&nbsp;<\/p>\n<p><strong>Kullan\u0131m alanlar\u0131;<\/strong><\/p>\n<p>Sa\u011fl\u0131k sekt\u00f6r\u00fc, Meskenler, \u0130\u015fyerleri, ofisler, Elektrik \u015febekesi olmayan b\u00f6lgeler, k\u0131saca kesintisiz enerji ihtiyac\u0131 olan her alanda.<\/p>\n<p>&nbsp;<\/p>\n<p><strong>G\u00f6rsellerimize t\u0131klayarak sitelerimize ula\u015fabilirsiniz.<\/strong><\/p>\n<p><a href=\"https:\/\/sessizenerji.com.tr\/\">\u00a0 \u00a0 \u00a0 \u00a0 \u00a0 \u00a0 \u00a0 \u00a0 \u00a0 \u00a0 \u00a0 \u00a0 \u00a0 \u00a0 \u00a0 \u00a0 \u00a0 \u00a0 \u00a0 \u00a0 \u00a0 \u00a0 \u00a0 \u00a0 \u00a0 \u00a0 \u00a0 \u00a0 \u00a0 \u00a0 \u00a0 \u00a0 \u00a0 \u00a0 \u00a0 \u00a0 \u00a0 \u00a0<img loading=\"lazy\" decoding=\"async\" class=\"alignnone wp-image-1246 size-medium\" src=\"https:\/\/turkongo.com\/wp-content\/uploads\/2023\/11\/logo1-1-300x94.png\" alt=\"\" width=\"300\" height=\"94\" srcset=\"https:\/\/turkongo.com\/wp-content\/uploads\/2023\/11\/logo1-1-300x94.png 300w, https:\/\/turkongo.com\/wp-content\/uploads\/2023\/11\/logo1-1-768x240.png 768w, https:\/\/turkongo.com\/wp-content\/uploads\/2023\/11\/logo1-1-370x116.png 370w, https:\/\/turkongo.com\/wp-content\/uploads\/2023\/11\/logo1-1-360x113.png 360w, https:\/\/turkongo.com\/wp-content\/uploads\/2023\/11\/logo1-1.png 854w\" sizes=\"auto, (max-width: 300px) 100vw, 300px\" \/><\/a>\u00a0 \u00a0 \u00a0 <a href=\"https:\/\/zonenergy.com.tr\/\"><img loading=\"lazy\" decoding=\"async\" class=\"alignnone wp-image-1267 size-full\" src=\"https:\/\/turkongo.com\/wp-content\/uploads\/2024\/10\/zonenergy-logo-1.png\" alt=\"\" width=\"274\" height=\"91\" \/><\/a>[\/vc_column_text][\/vc_column][\/vc_row]<\/p>","protected":false},"excerpt":{"rendered":"<p>[vc_row css=&#8221;.vc_custom_1425025862891{margin-top: -75px !important;}&#8221; has_content=&#8221;true&#8221;][vc_column][vc_column_text]Sessiz Enerji 2021 y\u0131l\u0131nda kurulmu\u015ftur. Ta\u015f\u0131nabilir enerji sekt\u00f6r\u00fcnde k\u0131sa s\u00fcre i\u00e7erisinde T\u00fcrkiye\u2019de YouTube videolar\u0131 ile ses getirmi\u015ftir. Ba\u015fta firmam\u0131z YouTube\/yapisletseyret kanal\u0131 arac\u0131l\u0131\u011f\u0131 ile \u00e7\u0131k\u0131lan yolda b\u00f6lgesel yap\u0131dan kurtulmu\u015f ve \u00fclkenin tamam\u0131na ula\u015fm\u0131\u015f nadir bir ba\u015far\u0131 g\u00f6stermi\u015ftir&#8230;.<\/p>\n","protected":false},"author":1,"featured_media":0,"parent":0,"menu_order":0,"comment_status":"closed","ping_status":"closed","template":"","meta":{"footnotes":""},"class_list":["post-791","page","type-page","status-publish","hentry"],"_hostinger_reach_plugin_has_subscription_block":false,"_hostinger_reach_plugin_is_elementor":false,"_links":{"self":[{"href":"https:\/\/turkongo.com\/tr\/wp-json\/wp\/v2\/pages\/791","targetHints":{"allow":["GET"]}}],"collection":[{"href":"https:\/\/turkongo.com\/tr\/wp-json\/wp\/v2\/pages"}],"about":[{"href":"https:\/\/turkongo.com\/tr\/wp-json\/wp\/v2\/types\/page"}],"author":[{"embeddable":true,"href":"https:\/\/turkongo.com\/tr\/wp-json\/wp\/v2\/users\/1"}],"replies":[{"embeddable":true,"href":"https:\/\/turkongo.com\/tr\/wp-json\/wp\/v2\/comments?post=791"}],"version-history":[{"count":36,"href":"https:\/\/turkongo.com\/tr\/wp-json\/wp\/v2\/pages\/791\/revisions"}],"predecessor-version":[{"id":1288,"href":"https:\/\/turkongo.com\/tr\/wp-json\/wp\/v2\/pages\/791\/revisions\/1288"}],"wp:attachment":[{"href":"https:\/\/turkongo.com\/tr\/wp-json\/wp\/v2\/media?parent=791"}],"curies":[{"name":"wp","href":"https:\/\/api.w.org\/{rel}","templated":true}]}}