{"id":15,"date":"2014-11-11T11:14:30","date_gmt":"2014-11-11T11:14:30","guid":{"rendered":"http:\/\/anpsthemes.com\/constructo\/?page_id=15"},"modified":"2023-11-04T23:31:41","modified_gmt":"2023-11-04T20:31:41","slug":"iletisim","status":"publish","type":"page","link":"https:\/\/turkongo.com\/tr\/iletisim\/","title":{"rendered":"\u0130leti\u015fim"},"content":{"rendered":"<p>[vc_row][vc_column]\n\t\t\t<!-- START iletisim tr REVOLUTION SLIDER 6.5.19 --><p class=\"rs-p-wp-fix\"><\/p>\n\t\t\t<rs-module-wrap id=\"rev_slider_11_1_wrapper\" data-source=\"gallery\" style=\"visibility:hidden;background:#E9E9E9;padding:0;margin:0px auto;margin-top:0;margin-bottom:0;\">\n\t\t\t\t<rs-module id=\"rev_slider_11_1\" style=\"\" data-version=\"6.5.19\">\n\t\t\t\t\t<rs-slides>\n\t\t\t\t\t\t<rs-slide style=\"position: absolute;\" data-key=\"rs-26\" data-title=\"Slide\" data-anim=\"ms:10;\" data-in=\"o:1;\" data-out=\"a:false;\">\n\t\t\t\t\t\t\t<img decoding=\"async\" src=\"\/\/turkongo.com\/wp-content\/plugins\/revslider\/public\/assets\/assets\/dummy.png\" alt=\"Slide\" title=\"\u0130leti\u015fim\" class=\"rev-slidebg tp-rs-img rs-lazyload\" data-lazyload=\"\/\/turkongo.com\/wp-content\/plugins\/revslider\/public\/assets\/assets\/transparent.png\" data-bg=\"p:center top;c:#ffffff;\" data-no-retina>\n<!--\n\t\t\t\t\t\t\t--><rs-layer\n\t\t\t\t\t\t\t\tid=\"slider-11-slide-26-layer-1\" \n\t\t\t\t\t\t\t\tdata-type=\"shape\"\n\t\t\t\t\t\t\t\tdata-rsp_ch=\"on\"\n\t\t\t\t\t\t\t\tdata-xy=\"xo:-9999px;yo:-9999px;\"\n\t\t\t\t\t\t\t\tdata-text=\"w:normal;s:20,10,7,4;l:0,13,9,6;\"\n\t\t\t\t\t\t\t\tdata-dim=\"w:0px;h:0px;\"\n\t\t\t\t\t\t\t\tdata-frame_999=\"o:0;st:w;\"\n\t\t\t\t\t\t\t\tstyle=\"z-index:15;background-color:#000000;\"\n\t\t\t\t\t\t\t> \n\t\t\t\t\t\t\t<\/rs-layer><!--\n\n\t\t\t\t\t\t\t--><rs-layer\n\t\t\t\t\t\t\t\tid=\"slider-11-slide-26-layer-2\" \n\t\t\t\t\t\t\t\tdata-type=\"shape\"\n\t\t\t\t\t\t\t\tdata-rsp_ch=\"on\"\n\t\t\t\t\t\t\t\tdata-xy=\"xo:-9999px;yo:-9999px;\"\n\t\t\t\t\t\t\t\tdata-text=\"w:normal;s:20,10,7,4;l:0,13,9,6;\"\n\t\t\t\t\t\t\t\tdata-dim=\"w:0px;h:0px;\"\n\t\t\t\t\t\t\t\tdata-frame_999=\"o:0;st:w;\"\n\t\t\t\t\t\t\t\tstyle=\"z-index:11;background-color:#f7f7f7;\"\n\t\t\t\t\t\t\t> \n\t\t\t\t\t\t\t<\/rs-layer><!--\n\n\t\t\t\t\t\t\t--><rs-layer\n\t\t\t\t\t\t\t\tid=\"slider-11-slide-26-layer-3\" \n\t\t\t\t\t\t\t\tdata-type=\"image\"\n\t\t\t\t\t\t\t\tdata-rsp_ch=\"on\"\n\t\t\t\t\t\t\t\tdata-xy=\"xo:200px,90px,30px,20px;yo:90px,40px,30px,30px;\"\n\t\t\t\t\t\t\t\tdata-text=\"w:normal;s:20,10,7,4;l:0,13,9,6;\"\n\t\t\t\t\t\t\t\tdata-dim=\"w:70px,50px,50px,50px;h:70px,50px,50px,50px;\"\n\t\t\t\t\t\t\t\tdata-frame_999=\"o:0;st:w;\"\n\t\t\t\t\t\t\t\tstyle=\"z-index:29;\"\n\t\t\t\t\t\t\t><img decoding=\"async\" src=\"\/\/turkongo.com\/wp-content\/plugins\/revslider\/public\/assets\/assets\/dummy.png\" alt=\"\" class=\"tp-rs-img rs-lazyload\" data-lazyload=\"\/\/turkongo.com\/wp-content\/uploads\/2026\/05\/contact-icons\/icon-location.png\" data-no-retina> \n\t\t\t\t\t\t\t<\/rs-layer><!--\n\n\t\t\t\t\t\t\t--><rs-layer\n\t\t\t\t\t\t\t\tid=\"slider-11-slide-26-layer-5\" \n\t\t\t\t\t\t\t\tdata-type=\"text\"\n\t\t\t\t\t\t\t\tdata-color=\"#000000\"\n\t\t\t\t\t\t\t\tdata-rsp_ch=\"on\"\n\t\t\t\t\t\t\t\tdata-xy=\"xo:290px,155px,95px,90px;yo:95px,40px,30px,30px;\"\n\t\t\t\t\t\t\t\tdata-text=\"w:normal;s:30,16,12,20;l:37,19,14,23;\"\n\t\t\t\t\t\t\t\tdata-dim=\"w:500px,300px,600px,380px;minh:0,none,none,none;\"\n\t\t\t\t\t\t\t\tdata-frame_999=\"o:0;st:w;\"\n\t\t\t\t\t\t\t\tstyle=\"z-index:21;font-family:'Vollkorn';\"\n\t\t\t\t\t\t\t>Adres \n\t\t\t\t\t\t\t<\/rs-layer><!--\n\n\t\t\t\t\t\t\t--><rs-layer\n\t\t\t\t\t\t\t\tid=\"slider-11-slide-26-layer-6\" \n\t\t\t\t\t\t\t\tdata-type=\"text\"\n\t\t\t\t\t\t\t\tdata-color=\"#745547\"\n\t\t\t\t\t\t\t\tdata-rsp_ch=\"on\"\n\t\t\t\t\t\t\t\tdata-xy=\"xo:290px,155px,95px,90px;yo:155px,80px,70px,70px;\"\n\t\t\t\t\t\t\t\tdata-text=\"w:normal;s:14,7,5,14;l:25,13,9,21;ls:1,0,0,0;\"\n\t\t\t\t\t\t\t\tdata-dim=\"w:600px,350px,600px,380px;minh:0,none,none,none;\"\n\t\t\t\t\t\t\t\tdata-frame_999=\"o:0;st:w;\"\n\t\t\t\t\t\t\t\tstyle=\"z-index:25;font-family:'Roboto';\"\n\t\t\t\t\t\t\t>Kongo Ofisi: Av. Isiro Imm. Ex-Ambassade de Belgique 8\u00eame \u00eatage Kinshasa\/Gombe-D.R.Congo<br \/>\n<br \/>\nT\u00fcrkiye Ofisi: Koza Mah. 1638 Sk. Acelya Sitesi C Blok No: 5A \u0130\u00e7 Kap\u0131 No: 1 Esenyurt \/\u0130stanbul \n\t\t\t\t\t\t\t<\/rs-layer><!--\n\n\t\t\t\t\t\t\t--><rs-layer\n\t\t\t\t\t\t\t\tid=\"slider-11-slide-26-layer-8\" \n\t\t\t\t\t\t\t\tdata-type=\"shape\"\n\t\t\t\t\t\t\t\tdata-rsp_ch=\"on\"\n\t\t\t\t\t\t\t\tdata-xy=\"xo:-9999px;yo:-9999px;\"\n\t\t\t\t\t\t\t\tdata-text=\"w:normal;s:20,10,7,4;l:0,13,9,6;\"\n\t\t\t\t\t\t\t\tdata-dim=\"w:0px;h:0px;\"\n\t\t\t\t\t\t\t\tdata-frame_999=\"o:0;st:w;\"\n\t\t\t\t\t\t\t\tstyle=\"z-index:9;background-color:#f7f7f7;\"\n\t\t\t\t\t\t\t> \n\t\t\t\t\t\t\t<\/rs-layer><!--\n\n\t\t\t\t\t\t\t--><rs-layer\n\t\t\t\t\t\t\t\tid=\"slider-11-slide-26-layer-10\" \n\t\t\t\t\t\t\t\tdata-type=\"text\"\n\t\t\t\t\t\t\t\tdata-color=\"#745547\"\n\t\t\t\t\t\t\t\tdata-rsp_ch=\"on\"\n\t\t\t\t\t\t\t\tdata-xy=\"xo:290px,155px,95px,90px;yo:335px,200px,210px,235px;\"\n\t\t\t\t\t\t\t\tdata-text=\"w:normal;s:15,8,6,14;l:25,13,9,21;ls:1,0,0,0;\"\n\t\t\t\t\t\t\t\tdata-dim=\"w:600px,350px,600px,380px;minh:0,none,none,none;\"\n\t\t\t\t\t\t\t\tdata-frame_999=\"o:0;st:w;\"\n\t\t\t\t\t\t\t\tstyle=\"z-index:23;font-family:'Roboto';\"\n\t\t\t\t\t\t\t>+90 542 432 73 60<br \/>\n+90 553 364 35 33<br \/>\n+243 898 250 870 \n\t\t\t\t\t\t\t<\/rs-layer><!--\n\n\t\t\t\t\t\t\t--><rs-layer\n\t\t\t\t\t\t\t\tid=\"slider-11-slide-26-layer-11\" \n\t\t\t\t\t\t\t\tdata-type=\"shape\"\n\t\t\t\t\t\t\t\tdata-rsp_ch=\"on\"\n\t\t\t\t\t\t\t\tdata-xy=\"xo:-9999px;yo:-9999px;\"\n\t\t\t\t\t\t\t\tdata-text=\"w:normal;s:20,10,7,4;l:0,13,9,6;\"\n\t\t\t\t\t\t\t\tdata-dim=\"w:0px;h:0px;\"\n\t\t\t\t\t\t\t\tdata-frame_999=\"o:0;st:w;\"\n\t\t\t\t\t\t\t\tstyle=\"z-index:14;background-color:#000000;\"\n\t\t\t\t\t\t\t> \n\t\t\t\t\t\t\t<\/rs-layer><!--\n\n\t\t\t\t\t\t\t--><rs-layer\n\t\t\t\t\t\t\t\tid=\"slider-11-slide-26-layer-12\" \n\t\t\t\t\t\t\t\tdata-type=\"image\"\n\t\t\t\t\t\t\t\tdata-rsp_ch=\"on\"\n\t\t\t\t\t\t\t\tdata-xy=\"xo:200px,90px,30px,20px;yo:270px,160px,170px,190px;\"\n\t\t\t\t\t\t\t\tdata-text=\"w:normal;s:20,10,7,4;l:0,13,9,6;\"\n\t\t\t\t\t\t\t\tdata-dim=\"w:70px,50px,50px,50px;h:70px,50px,50px,50px;\"\n\t\t\t\t\t\t\t\tdata-frame_999=\"o:0;st:w;\"\n\t\t\t\t\t\t\t\tstyle=\"z-index:28;\"\n\t\t\t\t\t\t\t><img decoding=\"async\" src=\"\/\/turkongo.com\/wp-content\/plugins\/revslider\/public\/assets\/assets\/dummy.png\" alt=\"\" class=\"tp-rs-img rs-lazyload\" data-lazyload=\"\/\/turkongo.com\/wp-content\/uploads\/2026\/05\/contact-icons\/icon-phone.png\" data-no-retina> \n\t\t\t\t\t\t\t<\/rs-layer><!--\n\n\t\t\t\t\t\t\t--><rs-layer\n\t\t\t\t\t\t\t\tid=\"slider-11-slide-26-layer-13\" \n\t\t\t\t\t\t\t\tdata-type=\"text\"\n\t\t\t\t\t\t\t\tdata-color=\"#000000\"\n\t\t\t\t\t\t\t\tdata-rsp_ch=\"on\"\n\t\t\t\t\t\t\t\tdata-xy=\"xo:290px,155px,95px,90px;yo:275px,160px,170px,195px;\"\n\t\t\t\t\t\t\t\tdata-text=\"w:normal;s:30,16,12,20;l:37,19,14,23;\"\n\t\t\t\t\t\t\t\tdata-dim=\"w:500px,300px,600px,380px;minh:0,none,none,none;\"\n\t\t\t\t\t\t\t\tdata-frame_999=\"o:0;st:w;\"\n\t\t\t\t\t\t\t\tstyle=\"z-index:19;font-family:'Vollkorn';\"\n\t\t\t\t\t\t\t>Telefon \n\t\t\t\t\t\t\t<\/rs-layer><!--\n\n\t\t\t\t\t\t\t--><rs-layer\n\t\t\t\t\t\t\t\tid=\"slider-11-slide-26-layer-14\" \n\t\t\t\t\t\t\t\tdata-type=\"shape\"\n\t\t\t\t\t\t\t\tdata-rsp_ch=\"on\"\n\t\t\t\t\t\t\t\tdata-xy=\"xo:-9999px;yo:-9999px;\"\n\t\t\t\t\t\t\t\tdata-text=\"w:normal;s:20,10,7,4;l:0,13,9,6;\"\n\t\t\t\t\t\t\t\tdata-dim=\"w:0px;h:0px;\"\n\t\t\t\t\t\t\t\tdata-frame_999=\"o:0;st:w;\"\n\t\t\t\t\t\t\t\tstyle=\"z-index:8;background-color:#f7f7f7;\"\n\t\t\t\t\t\t\t> \n\t\t\t\t\t\t\t<\/rs-layer><!--\n\n\t\t\t\t\t\t\t--><rs-layer\n\t\t\t\t\t\t\t\tid=\"slider-11-slide-26-layer-15\" \n\t\t\t\t\t\t\t\tdata-type=\"text\"\n\t\t\t\t\t\t\t\tdata-color=\"#745547\"\n\t\t\t\t\t\t\t\tdata-rsp_ch=\"on\"\n\t\t\t\t\t\t\t\tdata-xy=\"xo:290px,155px,95px,90px;yo:515px,315px,340px,365px;\"\n\t\t\t\t\t\t\t\tdata-text=\"w:normal;s:15,8,6,14;l:25,13,9,21;ls:1,0,0,0;\"\n\t\t\t\t\t\t\t\tdata-dim=\"w:600px,350px,600px,380px;minh:0,none,none,none;\"\n\t\t\t\t\t\t\t\tdata-frame_999=\"o:0;st:w;\"\n\t\t\t\t\t\t\t\tstyle=\"z-index:22;font-family:'Roboto';\"\n\t\t\t\t\t\t\t>info@turkongo.com \n\t\t\t\t\t\t\t<\/rs-layer><!--\n\n\t\t\t\t\t\t\t--><rs-layer\n\t\t\t\t\t\t\t\tid=\"slider-11-slide-26-layer-16\" \n\t\t\t\t\t\t\t\tdata-type=\"shape\"\n\t\t\t\t\t\t\t\tdata-rsp_ch=\"on\"\n\t\t\t\t\t\t\t\tdata-xy=\"xo:-9999px;yo:-9999px;\"\n\t\t\t\t\t\t\t\tdata-text=\"w:normal;s:20,10,7,4;l:0,13,9,6;\"\n\t\t\t\t\t\t\t\tdata-dim=\"w:0px;h:0px;\"\n\t\t\t\t\t\t\t\tdata-frame_999=\"o:0;st:w;\"\n\t\t\t\t\t\t\t\tstyle=\"z-index:13;background-color:#000000;\"\n\t\t\t\t\t\t\t> \n\t\t\t\t\t\t\t<\/rs-layer><!--\n\n\t\t\t\t\t\t\t--><rs-layer\n\t\t\t\t\t\t\t\tid=\"slider-11-slide-26-layer-17\" \n\t\t\t\t\t\t\t\tdata-type=\"text\"\n\t\t\t\t\t\t\t\tdata-color=\"#000000\"\n\t\t\t\t\t\t\t\tdata-rsp_ch=\"on\"\n\t\t\t\t\t\t\t\tdata-xy=\"xo:290px,155px,95px,90px;yo:455px,275px,300px,325px;\"\n\t\t\t\t\t\t\t\tdata-text=\"w:normal;s:30,16,12,21;l:37,19,14,24;\"\n\t\t\t\t\t\t\t\tdata-dim=\"w:500px,300px,600px,380px;minh:0,none,none,none;\"\n\t\t\t\t\t\t\t\tdata-frame_999=\"o:0;st:w;\"\n\t\t\t\t\t\t\t\tstyle=\"z-index:18;font-family:'Vollkorn';\"\n\t\t\t\t\t\t\t>E-mail \n\t\t\t\t\t\t\t<\/rs-layer><!--\n\n\t\t\t\t\t\t\t--><rs-layer\n\t\t\t\t\t\t\t\tid=\"slider-11-slide-26-layer-18\" \n\t\t\t\t\t\t\t\tdata-type=\"image\"\n\t\t\t\t\t\t\t\tdata-rsp_ch=\"on\"\n\t\t\t\t\t\t\t\tdata-xy=\"xo:200px,90px,30px,20px;yo:450px,275px,300px,320px;\"\n\t\t\t\t\t\t\t\tdata-text=\"w:normal;s:20,10,7,4;l:0,13,9,6;\"\n\t\t\t\t\t\t\t\tdata-dim=\"w:70px,50px,50px,50px;h:70px,50px,50px,50px;\"\n\t\t\t\t\t\t\t\tdata-frame_999=\"o:0;st:w;\"\n\t\t\t\t\t\t\t\tstyle=\"z-index:27;\"\n\t\t\t\t\t\t\t><img decoding=\"async\" src=\"\/\/turkongo.com\/wp-content\/plugins\/revslider\/public\/assets\/assets\/dummy.png\" alt=\"\" class=\"tp-rs-img rs-lazyload\" data-lazyload=\"\/\/turkongo.com\/wp-content\/uploads\/2026\/05\/contact-icons\/icon-email.png\" data-no-retina> \n\t\t\t\t\t\t\t<\/rs-layer><!--\n\n\t\t\t\t\t\t\t--><rs-layer\n\t\t\t\t\t\t\t\tid=\"slider-11-slide-26-layer-22\" \n\t\t\t\t\t\t\t\tdata-type=\"image\"\n\t\t\t\t\t\t\t\tdata-rsp_ch=\"on\"\n\t\t\t\t\t\t\t\tdata-xy=\"xo:290px,90px,30px,20px;yo:655px,400px,430px,475px;\"\n\t\t\t\t\t\t\t\tdata-text=\"w:normal;s:20,10,7,4;l:0,13,9,6;\"\n\t\t\t\t\t\t\t\tdata-dim=\"w:60px,40px,50px,50px;h:60px,40px,50px,50px;\"\n\t\t\t\t\t\t\t\tdata-frame_999=\"o:0;st:w;\"\n\t\t\t\t\t\t\t\tstyle=\"z-index:35;\"\n\t\t\t\t\t\t\t><img decoding=\"async\" src=\"\/\/turkongo.com\/wp-content\/plugins\/revslider\/public\/assets\/assets\/dummy.png\" alt=\"\" class=\"tp-rs-img rs-lazyload\" data-lazyload=\"\/\/turkongo.com\/wp-content\/uploads\/2026\/05\/contact-icons\/icon-facebook.png\" data-no-retina> \n\t\t\t\t\t\t\t<\/rs-layer><!--\n\n\t\t\t\t\t\t\t--><rs-layer\n\t\t\t\t\t\t\t\tid=\"slider-11-slide-26-layer-24\" \n\t\t\t\t\t\t\t\tdata-type=\"image\"\n\t\t\t\t\t\t\t\tdata-rsp_ch=\"on\"\n\t\t\t\t\t\t\t\tdata-xy=\"xo:515px,240px,225px,230px;yo:655px,400px,430px,475px;\"\n\t\t\t\t\t\t\t\tdata-text=\"w:normal;s:20,10,7,4;l:0,13,9,6;\"\n\t\t\t\t\t\t\t\tdata-dim=\"w:60px,40px,50px,50px;h:60px,40px,50px,50px;\"\n\t\t\t\t\t\t\t\tdata-frame_999=\"o:0;st:w;\"\n\t\t\t\t\t\t\t\tstyle=\"z-index:33;\"\n\t\t\t\t\t\t\t><img decoding=\"async\" src=\"\/\/turkongo.com\/wp-content\/plugins\/revslider\/public\/assets\/assets\/dummy.png\" alt=\"\" class=\"tp-rs-img rs-lazyload\" data-lazyload=\"\/\/turkongo.com\/wp-content\/uploads\/2026\/05\/contact-icons\/icon-instagram.png\" data-no-retina> \n\t\t\t\t\t\t\t<\/rs-layer><!--\n\n\t\t\t\t\t\t\t--><rs-layer\n\t\t\t\t\t\t\t\tid=\"slider-11-slide-26-layer-26\" \n\t\t\t\t\t\t\t\tdata-type=\"image\"\n\t\t\t\t\t\t\t\tdata-rsp_ch=\"on\"\n\t\t\t\t\t\t\t\tdata-xy=\"xo:440px,190px,160px,160px;yo:655px,400px,430px,475px;\"\n\t\t\t\t\t\t\t\tdata-text=\"w:normal;s:20,10,7,4;l:0,13,9,6;\"\n\t\t\t\t\t\t\t\tdata-dim=\"w:60px,40px,50px,50px;h:60px,40px,50px,50px;\"\n\t\t\t\t\t\t\t\tdata-frame_999=\"o:0;st:w;\"\n\t\t\t\t\t\t\t\tstyle=\"z-index:31;\"\n\t\t\t\t\t\t\t><img decoding=\"async\" src=\"\/\/turkongo.com\/wp-content\/plugins\/revslider\/public\/assets\/assets\/dummy.png\" alt=\"\" class=\"tp-rs-img rs-lazyload\" data-lazyload=\"\/\/turkongo.com\/wp-content\/uploads\/2026\/05\/contact-icons\/icon-linkedin.png\" data-no-retina> \n\t\t\t\t\t\t\t<\/rs-layer><!--\n\n\t\t\t\t\t\t\t--><rs-layer\n\t\t\t\t\t\t\t\tid=\"slider-11-slide-26-layer-27\" \n\t\t\t\t\t\t\t\tdata-type=\"image\"\n\t\t\t\t\t\t\t\tdata-rsp_ch=\"on\"\n\t\t\t\t\t\t\t\tdata-xy=\"xo:365px,140px,95px,90px;yo:655px,400px,430px,475px;\"\n\t\t\t\t\t\t\t\tdata-text=\"w:normal;s:20,10,7,4;l:0,13,9,6;\"\n\t\t\t\t\t\t\t\tdata-dim=\"w:60px,40px,50px,50px;h:60px,40px,50px,50px;\"\n\t\t\t\t\t\t\t\tdata-frame_999=\"o:0;st:w;\"\n\t\t\t\t\t\t\t\tstyle=\"z-index:30;\"\n\t\t\t\t\t\t\t><img decoding=\"async\" src=\"\/\/turkongo.com\/wp-content\/plugins\/revslider\/public\/assets\/assets\/dummy.png\" alt=\"\" class=\"tp-rs-img rs-lazyload\" data-lazyload=\"\/\/turkongo.com\/wp-content\/uploads\/2026\/05\/contact-icons\/icon-twitter.png\" data-no-retina> \n\t\t\t\t\t\t\t<\/rs-layer><!--\n\n\t\t\t\t\t\t\t--><rs-layer\n\t\t\t\t\t\t\t\tid=\"slider-11-slide-26-layer-28\" \n\t\t\t\t\t\t\t\tdata-type=\"text\"\n\t\t\t\t\t\t\t\tdata-color=\"#000000\"\n\t\t\t\t\t\t\t\tdata-rsp_ch=\"on\"\n\t\t\t\t\t\t\t\tdata-xy=\"xo:290px,90px,30px,20px;yo:595px,370px,395px,430px;\"\n\t\t\t\t\t\t\t\tdata-text=\"w:normal;s:30,16,12,22;l:37,19,14,25;\"\n\t\t\t\t\t\t\t\tdata-dim=\"w:500px,300px,600px,380px;minh:0,none,none,none;\"\n\t\t\t\t\t\t\t\tdata-frame_999=\"o:0;st:w;\"\n\t\t\t\t\t\t\t\tstyle=\"z-index:16;font-family:'Vollkorn';\"\n\t\t\t\t\t\t\t>Sosyal Medyada Biz \n\t\t\t\t\t\t\t<\/rs-layer><!--\n\n\t\t\t\t\t\t\t--><rs-layer\n\t\t\t\t\t\t\t\tid=\"slider-11-slide-26-layer-29\" \n\t\t\t\t\t\t\t\tclass=\"intrinsic-ignore\"\n\t\t\t\t\t\t\t\tdata-type=\"text\"\n\t\t\t\t\t\t\t\tdata-rsp_ch=\"on\"\n\t\t\t\t\t\t\t\tdata-xy=\"xo:900px,510px,30px,10px;yo:110px,50px,550px,595px;\"\n\t\t\t\t\t\t\t\tdata-text=\"w:normal;s:20,10,7,4;l:25,13,9,6;\"\n\t\t\t\t\t\t\t\tdata-dim=\"w:800px,470px,720px,460px;h:550px,380px,500px,500px;\"\n\t\t\t\t\t\t\t\tdata-frame_999=\"o:0;st:w;\"\n\t\t\t\t\t\t\t\tstyle=\"z-index:36;font-family:'Roboto';\"\n\t\t\t\t\t\t\t><div style=\"display:flex;flex-direction:column;gap:6px;height:100%;width:100%;\"><iframe src=\"https:\/\/www.google.com\/maps\/embed?pb=!1m18!1m12!1m3!1d6453.818237985531!2d15.28468978808121!3d-4.310604796180043!2m3!1f0!2f0!3f0!3m2!1i1024!2i768!4f13.1!3m3!1m2!1s0x1a6a33c29e6ca549%3A0x8196f937cd0ab1d6!2sAmbassade%20de%20Belgique%20en%20R%C3%A9publique%20D%C3%A9mocratique%20du%20Congo!5e0!3m2!1sen!2sus!4v1672311600000!5m2!1sen!2sus\" style=\"border:0;width:100%;height:calc(50% - 3px);display:block;\" allowfullscreen=\"\" loading=\"lazy\" referrerpolicy=\"no-referrer-when-downgrade\" title=\"Turkongo Congo - Kinshasa\"><\/iframe><iframe src=\"https:\/\/maps.google.com\/maps?q=Koza+Mahallesi+1638+Sk+Acelya+Sitesi+Esenyurt+Istanbul&t=&z=16&ie=UTF8&iwloc=&output=embed\" style=\"border:0;width:100%;height:calc(50% - 3px);display:block;\" allowfullscreen=\"\" loading=\"lazy\" referrerpolicy=\"no-referrer-when-downgrade\" title=\"Turkongo T\u00fcrkiye - Istanbul\"><\/iframe><\/div> \n\t\t\t\t\t\t\t<\/rs-layer><!--\n\n\t\t\t\t\t\t\t--><rs-layer\n\t\t\t\t\t\t\t\tid=\"slider-11-slide-26-layer-30\" \n\t\t\t\t\t\t\t\tdata-type=\"text\"\n\t\t\t\t\t\t\t\tdata-color=\"#000000\"\n\t\t\t\t\t\t\t\tdata-rsp_ch=\"on\"\n\t\t\t\t\t\t\t\tdata-xy=\"xo:900px,510px,30px,20px;yo:60px,15px,510px,555px;\"\n\t\t\t\t\t\t\t\tdata-text=\"w:normal;s:41,21,15,27;l:50,26,19,33;\"\n\t\t\t\t\t\t\t\tdata-dim=\"w:800px,470px,720px,380px;minh:0,none,none,none;\"\n\t\t\t\t\t\t\t\tdata-frame_999=\"o:0;st:w;\"\n\t\t\t\t\t\t\t\tstyle=\"z-index:20;font-family:'Vollkorn';\"\n\t\t\t\t\t\t\t>Haritadaki Yerimiz \n\t\t\t\t\t\t\t<\/rs-layer><!--\n-->\t\t\t\t\t\t<\/rs-slide>\n\t\t\t\t\t<\/rs-slides>\n\t\t\t\t<\/rs-module>\n\t\t\t\t<script>\n\t\t\t\t\tsetREVStartSize({c: 'rev_slider_11_1',rl:[1240,1024,778,480],el:[780,470,1080,1130],gw:[1920,1024,778,480],gh:[780,470,1080,1130],type:'hero',justify:'',layout:'fullwidth',mh:\"550\"});if (window.RS_MODULES!==undefined && window.RS_MODULES.modules!==undefined && window.RS_MODULES.modules[\"revslider111\"]!==undefined) {window.RS_MODULES.modules[\"revslider111\"].once = false;window.revapi11 = undefined;if (window.RS_MODULES.checkMinimal!==undefined) window.RS_MODULES.checkMinimal()}\n\t\t\t\t<\/script>\n\t\t\t<\/rs-module-wrap>\n\t\t\t<!-- END REVOLUTION SLIDER -->\n[\/vc_column][\/vc_row]<\/p>\n","protected":false},"excerpt":{"rendered":"<p>[vc_row][vc_column][\/vc_column][\/vc_row]<\/p>\n","protected":false},"author":1,"featured_media":0,"parent":0,"menu_order":0,"comment_status":"open","ping_status":"open","template":"","meta":{"footnotes":""},"class_list":["post-15","page","type-page","status-publish","hentry"],"_hostinger_reach_plugin_has_subscription_block":false,"_hostinger_reach_plugin_is_elementor":false,"_links":{"self":[{"href":"https:\/\/turkongo.com\/tr\/wp-json\/wp\/v2\/pages\/15","targetHints":{"allow":["GET"]}}],"collection":[{"href":"https:\/\/turkongo.com\/tr\/wp-json\/wp\/v2\/pages"}],"about":[{"href":"https:\/\/turkongo.com\/tr\/wp-json\/wp\/v2\/types\/page"}],"author":[{"embeddable":true,"href":"https:\/\/turkongo.com\/tr\/wp-json\/wp\/v2\/users\/1"}],"replies":[{"embeddable":true,"href":"https:\/\/turkongo.com\/tr\/wp-json\/wp\/v2\/comments?post=15"}],"version-history":[{"count":6,"href":"https:\/\/turkongo.com\/tr\/wp-json\/wp\/v2\/pages\/15\/revisions"}],"predecessor-version":[{"id":939,"href":"https:\/\/turkongo.com\/tr\/wp-json\/wp\/v2\/pages\/15\/revisions\/939"}],"wp:attachment":[{"href":"https:\/\/turkongo.com\/tr\/wp-json\/wp\/v2\/media?parent=15"}],"curies":[{"name":"wp","href":"https:\/\/api.w.org\/{rel}","templated":true}]}}