{"id":11,"date":"2014-11-11T11:14:05","date_gmt":"2014-11-11T11:14:05","guid":{"rendered":"http:\/\/anpsthemes.com\/constructo\/?page_id=11"},"modified":"2022-12-23T17:18:57","modified_gmt":"2022-12-23T14:18:57","slug":"hakkimizda","status":"publish","type":"page","link":"https:\/\/turkongo.com\/tr\/hakkimizda\/","title":{"rendered":"Hakk\u0131m\u0131zda"},"content":{"rendered":"<p><\/p>\n<p>[vc_row full_width=&#8221;stretch_row_content_no_spaces&#8221; css=&#8221;.vc_custom_1666695116084{background: #000000 url(http:\/\/www.turkongo.com\/wp-content\/uploads\/2022\/10\/yu.jpg?id=936) !important;}&#8221;][vc_column][vc_empty_space height=&#8221;102px&#8221;][vc_custom_heading text=&#8221;Hakk\u0131m\u0131zda&#8221; font_container=&#8221;tag:h1|font_size:50px|text_align:center|color:%23ffffff&#8221; google_fonts=&#8221;font_family:Nunito%3A300%2Cregular%2C700|font_style:700%20bold%20regular%3A700%3Anormal&#8221;][vc_empty_space height=&#8221;102px&#8221;][\/vc_column][\/vc_row][vc_row][vc_column width=&#8221;1\/2&#8243;][vc_empty_space][vc_single_image image=&#8221;934&#8243; img_size=&#8221;full&#8221; css_animation=&#8221;none&#8221; css=&#8221;.vc_custom_1666695044667{margin-top: 30px !important;}&#8221;][\/vc_column][vc_column width=&#8221;1\/2&#8243;][vc_empty_space][vc_empty_space][vc_empty_space height=&#8221;20px&#8221;][vc_text_separator title=&#8221;TURKONGO&#8221; color=&#8221;black&#8221;][vc_empty_space height=&#8221;20px&#8221;][vc_column_text]2019 y\u0131l\u0131nda T\u00fcrk ve Kongolu gen\u00e7 giri\u015fimciler taraf\u0131ndan kurulan TURKONGO CONSTRUCT SARL,<br \/>\n\u00fcr\u00fcn kalitesi garantisi ile ilgili olarak t\u00fcketici gereksinimlerini kar\u015f\u0131lamak ve \u00fcreticilere haklar\u0131<br \/>\nkonusunda g\u00fcvence vermek i\u00e7in tasarlanm\u0131\u015f bir genel ticaret \u015firketidir ki i\u015f d\u00fcnyas\u0131ndaki her<br \/>\npayda\u015f\u0131n haklar\u0131n\u0131 ve g\u00f6revlerini g\u00fcvence alt\u0131na al\u0131nmaktad\u0131r.<\/p>\n<p><strong>Turkongo<\/strong>\u2018nun Logosunu olu\u015fturan simge, bir s\u00fctun ba\u015fl\u0131\u011f\u0131d\u0131r.<\/p>\n<p>S\u00fct\u00fcn ba\u015fl\u0131\u011f\u0131; s\u00fctun g\u00f6vdesi ile ta\u015f\u0131d\u0131\u011f\u0131 \u00fcst yap\u0131 elemanlar\u0131 aras\u0131ndaki mimari par\u00e7alara verilen add\u0131r.<\/p>\n<p>S\u00fctun ba\u015fl\u0131klar\u0131, Yunan ve Roma d\u00f6nemlerinin en \u00f6nemli mimari unsurlar\u0131d\u0131r. \u00a0Ba\u015fl\u0131klar mermerden yap\u0131lm\u0131\u015ft\u0131r. \u00a0Mermerden \u00f6nce, ah\u015fap ve ta\u015ftan yatak ba\u015fl\u0131klar\u0131 vard\u0131r. \u00a0Tap\u0131naklarda, hazine binalar\u0131nda, spor salonlar\u0131nda s\u00fctun ba\u015fl\u0131klar\u0131 kullan\u0131lm\u0131\u015ft\u0131r.<\/p>\n<p>Genellikle kullan\u0131lan \u00fc\u00e7 t\u00fcr s\u00fctun ba\u015fl\u0131\u011f\u0131 vard\u0131r.<\/p>\n<p>Bunlar;<\/p>\n<p>1) Dor<br \/>\n2) \u0130yon<br \/>\n3) Korinth.<\/p>\n<p><strong>Turkongo<\/strong>, karakteristik ve g\u00fcven veren\u00a0yap\u0131s\u0131 nedeniyle \u0130yon s\u00fctun ba\u015fl\u0131\u011f\u0131n\u0131 kendi sembol\u00fc olarak se\u00e7mi\u015ftir.[\/vc_column_text][vc_empty_space][vc_text_separator title=&#8221;Vizyonumuz&#8221; color=&#8221;black&#8221;][vc_empty_space height=&#8221;20px&#8221;][vc_column_text css_animation=&#8221;fadeInDown&#8221;]Turkongo olarak amac\u0131m\u0131z\u00a0\u00a0\u00fcreticiden t\u00fcketiciye giden yolda bir k\u00f6pr\u00fc olu\u015fturarak, \u00a0al\u0131nan mal ve hizmeti g\u00fcvence alt\u0131na almakt\u0131r.<br \/>\nKendi i\u015f idolojisine uygun distrib\u00fct\u00f6rl\u00fckleri ile \u00a0kaliteli ve\u00a0\u00a0yenilik\u00e7i \u00fcr\u00fcnleri t\u00fcketici ile bulu\u015fturmakt\u0131r.[\/vc_column_text][\/vc_column][\/vc_row][vc_row][vc_column][vc_column_text]<\/p>\n<h2><strong>Ekibimiz<\/strong><\/h2>\n<p>[\/vc_column_text][vc_empty_space][\/vc_column][\/vc_row][vc_row full_width=&#8221;stretch_row_content&#8221;][vc_column width=&#8221;1\/3&#8243;][vc_single_image image=&#8221;1201&#8243; img_size=&#8221;full&#8221; alignment=&#8221;center&#8221;][vc_empty_space][\/vc_column][vc_column width=&#8221;1\/3&#8243;][vc_single_image image=&#8221;1202&#8243; img_size=&#8221;full&#8221; alignment=&#8221;center&#8221;][vc_empty_space][\/vc_column][vc_column width=&#8221;1\/3&#8243;][vc_single_image image=&#8221;1203&#8243; img_size=&#8221;full&#8221; alignment=&#8221;center&#8221;][vc_empty_space][\/vc_column][\/vc_row]<\/p>\n<p><\/p>","protected":false},"excerpt":{"rendered":"<p>[vc_row full_width=&#8221;stretch_row_content_no_spaces&#8221; css=&#8221;.vc_custom_1666695116084{background: #000000 url(http:\/\/www.turkongo.com\/wp-content\/uploads\/2022\/10\/yu.jpg?id=936) !important;}&#8221;][vc_column][vc_empty_space height=&#8221;102px&#8221;][vc_custom_heading text=&#8221;Hakk\u0131m\u0131zda&#8221; font_container=&#8221;tag:h1|font_size:50px|text_align:center|color:%23ffffff&#8221; google_fonts=&#8221;font_family:Nunito%3A300%2Cregular%2C700|font_style:700%20bold%20regular%3A700%3Anormal&#8221;][vc_empty_space height=&#8221;102px&#8221;][\/vc_column][\/vc_row][vc_row][vc_column width=&#8221;1\/2&#8243;][vc_empty_space][vc_single_image image=&#8221;934&#8243; img_size=&#8221;full&#8221; css_animation=&#8221;none&#8221; css=&#8221;.vc_custom_1666695044667{margin-top: 30px !important;}&#8221;][\/vc_column][vc_column width=&#8221;1\/2&#8243;][vc_empty_space][vc_empty_space][vc_empty_space height=&#8221;20px&#8221;][vc_text_separator title=&#8221;TURKONGO&#8221; color=&#8221;black&#8221;][vc_empty_space height=&#8221;20px&#8221;][vc_column_text]2019 y\u0131l\u0131nda T\u00fcrk ve Kongolu gen\u00e7 giri\u015fimciler taraf\u0131ndan kurulan TURKONGO CONSTRUCT SARL, \u00fcr\u00fcn kalitesi garantisi ile ilgili olarak&#8230;<\/p>\n","protected":false},"author":1,"featured_media":0,"parent":0,"menu_order":0,"comment_status":"open","ping_status":"open","template":"","meta":{"footnotes":""},"class_list":["post-11","page","type-page","status-publish","hentry"],"_hostinger_reach_plugin_has_subscription_block":false,"_hostinger_reach_plugin_is_elementor":false,"_links":{"self":[{"href":"https:\/\/turkongo.com\/tr\/wp-json\/wp\/v2\/pages\/11","targetHints":{"allow":["GET"]}}],"collection":[{"href":"https:\/\/turkongo.com\/tr\/wp-json\/wp\/v2\/pages"}],"about":[{"href":"https:\/\/turkongo.com\/tr\/wp-json\/wp\/v2\/types\/page"}],"author":[{"embeddable":true,"href":"https:\/\/turkongo.com\/tr\/wp-json\/wp\/v2\/users\/1"}],"replies":[{"embeddable":true,"href":"https:\/\/turkongo.com\/tr\/wp-json\/wp\/v2\/comments?post=11"}],"version-history":[{"count":17,"href":"https:\/\/turkongo.com\/tr\/wp-json\/wp\/v2\/pages\/11\/revisions"}],"predecessor-version":[{"id":1208,"href":"https:\/\/turkongo.com\/tr\/wp-json\/wp\/v2\/pages\/11\/revisions\/1208"}],"wp:attachment":[{"href":"https:\/\/turkongo.com\/tr\/wp-json\/wp\/v2\/media?parent=11"}],"curies":[{"name":"wp","href":"https:\/\/api.w.org\/{rel}","templated":true}]}}