{"id":1014,"date":"2022-11-26T16:39:55","date_gmt":"2022-11-26T13:39:55","guid":{"rendered":"https:\/\/www.turkongo.com\/?page_id=1014"},"modified":"2022-12-23T17:04:08","modified_gmt":"2022-12-23T14:04:08","slug":"projelendirme-calismalari","status":"publish","type":"page","link":"https:\/\/turkongo.com\/tr\/projelendirme-calismalari\/","title":{"rendered":"Projelendirme \u00c7al\u0131\u015fmalar\u0131"},"content":{"rendered":"<p>[vc_row full_width=&#8221;stretch_row_content_no_spaces&#8221; css=&#8221;.vc_custom_1669627166265{background-image: url(https:\/\/turkongo.com\/wp-content\/uploads\/2022\/11\/m1.jpg?id=1055) !important;}&#8221;][vc_column][vc_empty_space height=&#8221;102px&#8221;][vc_custom_heading text=&#8221;Projelendirme \u00c7al\u0131\u015fmalar\u0131&#8221; font_container=&#8221;tag:h1|font_size:50px|text_align:center|color:%23ffffff&#8221; google_fonts=&#8221;font_family:Nunito%3A300%2Cregular%2C700|font_style:700%20bold%20regular%3A700%3Anormal&#8221;][vc_empty_space height=&#8221;102px&#8221;][\/vc_column][\/vc_row][vc_row][vc_column][vc_empty_space height=&#8221;50px&#8221;][vc_column_text]<\/p>\n<h3><strong>Projelendirme<\/strong><\/h3>\n<p>Bir projenin hayata ge\u00e7ebilmesi i\u00e7in yap\u0131lan \u2018ara\u015ft\u0131rma-geli\u015ftirme\u2019 \u00e7al\u0131\u015fmas\u0131d\u0131r. Bu s\u00fcre\u00e7te projenin hayata ge\u00e7ebilmesinin dinamikleri ara\u015ft\u0131r\u0131l\u0131r.<br \/>\nBu \u00e7al\u0131\u015fma,bu dinamiklerin ve kriterlerin devreye girmesi ile projenin hedeflerinin sa\u011fl\u0131kl\u0131 bir \u015fekilde bulunmas\u0131 ve yap\u0131m s\u00fcrecinin stratejisinin olu\u015fturulmas\u0131d\u0131r.<br \/>\nBir projenin projelendirilmesi i\u00e7in a\u015fa\u011f\u0131daki analitik \u00e7al\u0131\u015fman\u0131n yap\u0131lmas\u0131 gerekmektedir.<\/p>\n<p>&#8211; Projenin potansiyelini anlamak, hedef belirlemek.<br \/>\nProjenin hedefini belirlemek , proje ile ilgili \u00e7\u0131kar\u0131lacak yol haritas\u0131n\u0131n ilk gere\u011fidir. Bunun sa\u011fl\u0131kl\u0131 yap\u0131labilmesi i\u00e7in sekt\u00f6r\u00fcn i\u00e7 ve d\u0131\u015f dinamikleri analiz edilerek, proje ile ilgili ki\u015fisel beklentilerin ger\u00e7ek\u00e7i bir d\u00fczeye konumland\u0131r\u0131lmas\u0131 gerekmektedir.<\/p>\n<p>&#8211; B\u00fct\u00e7e olu\u015fturma<br \/>\nBelirlenen hedef do\u011frultusunda, senaryo ile ile ba\u011flant\u0131l\u0131 olarak b\u00fct\u00e7e ve maliyet hesab\u0131n\u0131n yap\u0131lmas\u0131.<\/p>\n<p>&#8211; Finans plan\u0131 mant\u0131\u011f\u0131<br \/>\nHaz\u0131rlanan b\u00fct\u00e7eye uygun finans plan\u0131n\u0131n zamansal boyutuyla haz\u0131rlanmas\u0131 ve prod\u00fcksiyonun temel kaynaklar\u0131n\u0131n yarat\u0131lmas\u0131 \u00fczerine stratejiler geli\u015ftirilmesi.<\/p>\n<p>&#8211; Prod\u00fcksiyonun temel yap\u0131s\u0131n\u0131n olu\u015fturulmas\u0131<br \/>\nAmaca ve konuya g\u00f6re konulan hedefe uygun \u00e7al\u0131\u015fma plan\u0131n\u0131n \u00e7\u0131kar\u0131lmas\u0131 ve temel yap\u0131 i\u00e7erisine oturtulmas\u0131.<\/p>\n<p>&#8211; Prod\u00fcksiyonun ger\u00e7ekle\u015febilmesi i\u00e7in uygun stratejilerin belirlenmesi<br \/>\nYap\u0131m\u0131n ger\u00e7ekle\u015fece\u011fi ko\u015fullar\u0131n alternatifli olarak, \u00e7e\u015fitli kriterler ve format se\u00e7imlerine g\u00f6re fizibilitesinin \u00e7\u0131kar\u0131lmas\u0131.<\/p>\n<p>&#8211; T\u00fcm bilgilerin g\u00f6zden ge\u00e7irelerek, yap\u0131lacak ba\u015fvurular i\u00e7in gereken bilgilerin toplanarak, aksiyon plan\u0131 olu\u015fturma \u00e7al\u0131\u015fmas\u0131<br \/>\nT\u00fcm veriler topland\u0131ktan sonra, filmin finans kaynaklar\u0131 i\u00e7in yap\u0131lacak ba\u015fvurular\u0131n haz\u0131rlanma ve takip s\u00fcrecini ger\u00e7ekle\u015ftirilmesi.[\/vc_column_text][\/vc_column][\/vc_row][vc_row][vc_column width=&#8221;1\/3&#8243;][vc_empty_space][vc_single_image image=&#8221;1056&#8243; img_size=&#8221;full&#8221; alignment=&#8221;center&#8221; style=&#8221;vc_box_outline&#8221; border_color=&#8221;black&#8221;][vc_empty_space][\/vc_column][vc_column width=&#8221;1\/3&#8243;][vc_empty_space][vc_single_image image=&#8221;1057&#8243; img_size=&#8221;full&#8221; alignment=&#8221;center&#8221; style=&#8221;vc_box_outline&#8221; border_color=&#8221;black&#8221;][vc_empty_space][\/vc_column][vc_column width=&#8221;1\/3&#8243;][\/vc_column][\/vc_row][vc_row full_width=&#8221;stretch_row&#8221; css=&#8221;.vc_custom_1666690871682{background-color: #000000 !important;}&#8221;][vc_column width=&#8221;2\/3&#8243;][vc_empty_space height=&#8221;25px&#8221;][vc_custom_heading text=&#8221;Turkongo&#8221; font_container=&#8221;tag:h1|font_size:24px|text_align:left|color:%23ffffff&#8221; google_fonts=&#8221;font_family:Montserrat%3Aregular%2C700|font_style:700%20bold%20regular%3A700%3Anormal&#8221;][vc_custom_heading text=&#8221;\u00c7\u00f6z\u00fcmlerimiz ve \u00fcr\u00fcnlerimiz hakk\u0131nda detayl\u0131 bilgi almak i\u00e7in ileti\u015fime ge\u00e7ebilirsiniz&#8230;&#8221; font_container=&#8221;tag:h1|font_size:25px|text_align:left|color:%23e1b34a&#8221; google_fonts=&#8221;font_family:Montserrat%3Aregular%2C700|font_style:400%20regular%3A400%3Anormal&#8221;][vc_empty_space][\/vc_column][vc_column width=&#8221;1\/3&#8243;][vc_empty_space][vc_empty_space][vc_empty_space height=&#8221;15px&#8221;][vc_btn title=&#8221;H\u0131zl\u0131 Talep Formu&#8221; style=&#8221;outline&#8221; color=&#8221;white&#8221;][vc_empty_space][\/vc_column][\/vc_row]<\/p>","protected":false},"excerpt":{"rendered":"<p>[vc_row full_width=&#8221;stretch_row_content_no_spaces&#8221; css=&#8221;.vc_custom_1669627166265{background-image: url(https:\/\/turkongo.com\/wp-content\/uploads\/2022\/11\/m1.jpg?id=1055) !important;}&#8221;][vc_column][vc_empty_space height=&#8221;102px&#8221;][vc_custom_heading text=&#8221;Projelendirme \u00c7al\u0131\u015fmalar\u0131&#8221; font_container=&#8221;tag:h1|font_size:50px|text_align:center|color:%23ffffff&#8221; google_fonts=&#8221;font_family:Nunito%3A300%2Cregular%2C700|font_style:700%20bold%20regular%3A700%3Anormal&#8221;][vc_empty_space height=&#8221;102px&#8221;][\/vc_column][\/vc_row][vc_row][vc_column][vc_empty_space height=&#8221;50px&#8221;][vc_column_text] Projelendirme Bir projenin hayata ge\u00e7ebilmesi i\u00e7in yap\u0131lan \u2018ara\u015ft\u0131rma-geli\u015ftirme\u2019 \u00e7al\u0131\u015fmas\u0131d\u0131r. Bu s\u00fcre\u00e7te projenin hayata ge\u00e7ebilmesinin dinamikleri ara\u015ft\u0131r\u0131l\u0131r. Bu \u00e7al\u0131\u015fma,bu dinamiklerin ve kriterlerin devreye girmesi ile projenin hedeflerinin sa\u011fl\u0131kl\u0131 bir&#8230;<\/p>\n","protected":false},"author":1,"featured_media":0,"parent":0,"menu_order":0,"comment_status":"closed","ping_status":"closed","template":"","meta":{"footnotes":""},"class_list":["post-1014","page","type-page","status-publish","hentry"],"_hostinger_reach_plugin_has_subscription_block":false,"_hostinger_reach_plugin_is_elementor":false,"_links":{"self":[{"href":"https:\/\/turkongo.com\/tr\/wp-json\/wp\/v2\/pages\/1014","targetHints":{"allow":["GET"]}}],"collection":[{"href":"https:\/\/turkongo.com\/tr\/wp-json\/wp\/v2\/pages"}],"about":[{"href":"https:\/\/turkongo.com\/tr\/wp-json\/wp\/v2\/types\/page"}],"author":[{"embeddable":true,"href":"https:\/\/turkongo.com\/tr\/wp-json\/wp\/v2\/users\/1"}],"replies":[{"embeddable":true,"href":"https:\/\/turkongo.com\/tr\/wp-json\/wp\/v2\/comments?post=1014"}],"version-history":[{"count":7,"href":"https:\/\/turkongo.com\/tr\/wp-json\/wp\/v2\/pages\/1014\/revisions"}],"predecessor-version":[{"id":1194,"href":"https:\/\/turkongo.com\/tr\/wp-json\/wp\/v2\/pages\/1014\/revisions\/1194"}],"wp:attachment":[{"href":"https:\/\/turkongo.com\/tr\/wp-json\/wp\/v2\/media?parent=1014"}],"curies":[{"name":"wp","href":"https:\/\/api.w.org\/{rel}","templated":true}]}}