{"id":1012,"date":"2022-11-26T16:39:38","date_gmt":"2022-11-26T13:39:38","guid":{"rendered":"https:\/\/www.turkongo.com\/?page_id=1012"},"modified":"2022-12-23T17:03:40","modified_gmt":"2022-12-23T14:03:40","slug":"insaat","status":"publish","type":"page","link":"https:\/\/turkongo.com\/tr\/insaat\/","title":{"rendered":"\u0130n\u015faat"},"content":{"rendered":"<p>[vc_row full_width=&#8221;stretch_row_content_no_spaces&#8221; css=&#8221;.vc_custom_1669626744541{background-image: url(https:\/\/turkongo.com\/wp-content\/uploads\/2022\/11\/n5.jpg?id=1052) !important;}&#8221;][vc_column][vc_empty_space height=&#8221;102px&#8221;][vc_custom_heading text=&#8221;\u0130n\u015faat&#8221; font_container=&#8221;tag:h1|font_size:50px|text_align:center|color:%23ffffff&#8221; google_fonts=&#8221;font_family:Nunito%3A300%2Cregular%2C700|font_style:700%20bold%20regular%3A700%3Anormal&#8221;][vc_empty_space height=&#8221;102px&#8221;][\/vc_column][\/vc_row][vc_row][vc_column][vc_empty_space height=&#8221;50px&#8221;][vc_column_text]<\/p>\n<h3><strong>\u0130n\u015faat ve Yap\u0131<\/strong><\/h3>\n<p>\u0130n\u015faat ve yap\u0131 i\u015fleri kapsam\u0131nda kaba in\u015faat, tu\u011fla, demir, kire\u00e7, \u00e7imento, \u00e7ak\u0131l, kum gibi malzemeler ile yap\u0131n\u0131n ta\u015f\u0131y\u0131c\u0131 sistemi ve dolgu duvarlar\u0131n\u0131 yapmaktay\u0131z. Kaba in\u015faat i\u015flemlerinde bir binan\u0131n ince yap\u0131 i\u015flerine ge\u00e7ilmeden t\u00fcm d\u0131\u015f yap\u0131 i\u015flemleri tamamlan\u0131r. Bu da hemen hemen bir projenin yar\u0131s\u0131na tekab\u00fcl eder. Bu hizmetler haricinde m\u00fchendislerin belirlemi\u015f oldu\u011fu noktalar baz al\u0131narak temel kazma i\u015flemlerini de sunmaktay\u0131z.<\/p>\n<h3><strong>\u0130nce Yap\u0131 \u0130\u015fleri<\/strong><\/h3>\n<p>Binalarda kaba yap\u0131 i\u015fleri bittikten sonra projenin tamamlanmas\u0131 i\u00e7in bina i\u00e7inde ve cephelerde yap\u0131lmas\u0131 gereken t\u00fcm i\u015flemleri i\u00e7erir. \u0130mzata\u015f olarak duvar, zemin d\u00f6\u015femeler ve cephe kaplama gibi ince i\u015flerin yap\u0131lmas\u0131 veya tamirat\u0131 noktas\u0131nda hizmetinizdeyiz.<\/p>\n<h3><strong>Anahtar Teslim Projeler<\/strong><\/h3>\n<p>Hem kaba yap\u0131 i\u015flerinin hem de ince yap\u0131 i\u015flemlerinin birlikte yap\u0131ld\u0131\u011f\u0131 anahtar teslim projeler s\u00f6zle\u015fmeye uygun olarak tasdikli mimari, statik, tesisat projelerine, in\u015faat ruhsat\u0131na, teknik yap\u0131 \u015fartnamesine ve i\u015fbu s\u00f6zle\u015fme h\u00fck\u00fcmlerine uygun ikmal edilip, alt yap\u0131 ve \u00e7evre d\u00fczenlemesinin tamamlan\u0131p, peyzaj\u0131n tamamlanmas\u0131n\u0131, yap\u0131 denetim firmas\u0131n\u0131n i\u015f bitirme belgesini vermesini m\u00fcteakip ilgili Belediye\u2019ye Yap\u0131 Kullanma \u0130zin Belgesi\u2019nin (iskan) al\u0131nmas\u0131 i\u00e7in ba\u015fvurulmas\u0131n\u0131 ifade eder.[\/vc_column_text][\/vc_column][\/vc_row][vc_row][vc_column width=&#8221;1\/3&#8243;][vc_empty_space][vc_single_image image=&#8221;1048&#8243; img_size=&#8221;full&#8221; alignment=&#8221;center&#8221; style=&#8221;vc_box_outline&#8221; border_color=&#8221;black&#8221;][vc_empty_space][\/vc_column][vc_column width=&#8221;1\/3&#8243;][vc_empty_space][vc_single_image image=&#8221;1049&#8243; img_size=&#8221;full&#8221; alignment=&#8221;center&#8221; style=&#8221;vc_box_outline&#8221; border_color=&#8221;black&#8221;][vc_empty_space][\/vc_column][vc_column width=&#8221;1\/3&#8243;][vc_empty_space][vc_single_image image=&#8221;1050&#8243; img_size=&#8221;full&#8221; alignment=&#8221;center&#8221; style=&#8221;vc_box_outline&#8221; border_color=&#8221;black&#8221;][vc_empty_space][\/vc_column][\/vc_row][vc_row full_width=&#8221;stretch_row&#8221; css=&#8221;.vc_custom_1666690871682{background-color: #000000 !important;}&#8221;][vc_column width=&#8221;2\/3&#8243;][vc_empty_space height=&#8221;25px&#8221;][vc_custom_heading text=&#8221;Turkongo&#8221; font_container=&#8221;tag:h1|font_size:24px|text_align:left|color:%23ffffff&#8221; google_fonts=&#8221;font_family:Montserrat%3Aregular%2C700|font_style:700%20bold%20regular%3A700%3Anormal&#8221;][vc_custom_heading text=&#8221;\u00c7\u00f6z\u00fcmlerimiz ve \u00fcr\u00fcnlerimiz hakk\u0131nda detayl\u0131 bilgi almak i\u00e7in ileti\u015fime ge\u00e7ebilirsiniz&#8230;&#8221; font_container=&#8221;tag:h1|font_size:25px|text_align:left|color:%23e1b34a&#8221; google_fonts=&#8221;font_family:Montserrat%3Aregular%2C700|font_style:400%20regular%3A400%3Anormal&#8221;][vc_empty_space][\/vc_column][vc_column width=&#8221;1\/3&#8243;][vc_empty_space][vc_empty_space][vc_empty_space height=&#8221;15px&#8221;][vc_btn title=&#8221;H\u0131zl\u0131 Talep Formu&#8221; style=&#8221;outline&#8221; color=&#8221;white&#8221;][vc_empty_space][\/vc_column][\/vc_row]<\/p>","protected":false},"excerpt":{"rendered":"<p>[vc_row full_width=&#8221;stretch_row_content_no_spaces&#8221; css=&#8221;.vc_custom_1669626744541{background-image: url(https:\/\/turkongo.com\/wp-content\/uploads\/2022\/11\/n5.jpg?id=1052) !important;}&#8221;][vc_column][vc_empty_space height=&#8221;102px&#8221;][vc_custom_heading text=&#8221;\u0130n\u015faat&#8221; font_container=&#8221;tag:h1|font_size:50px|text_align:center|color:%23ffffff&#8221; google_fonts=&#8221;font_family:Nunito%3A300%2Cregular%2C700|font_style:700%20bold%20regular%3A700%3Anormal&#8221;][vc_empty_space height=&#8221;102px&#8221;][\/vc_column][\/vc_row][vc_row][vc_column][vc_empty_space height=&#8221;50px&#8221;][vc_column_text] \u0130n\u015faat ve Yap\u0131 \u0130n\u015faat ve yap\u0131 i\u015fleri kapsam\u0131nda kaba in\u015faat, tu\u011fla, demir, kire\u00e7, \u00e7imento, \u00e7ak\u0131l, kum gibi malzemeler ile yap\u0131n\u0131n ta\u015f\u0131y\u0131c\u0131 sistemi ve dolgu duvarlar\u0131n\u0131 yapmaktay\u0131z. Kaba in\u015faat i\u015flemlerinde&#8230;<\/p>\n","protected":false},"author":1,"featured_media":0,"parent":0,"menu_order":0,"comment_status":"closed","ping_status":"closed","template":"","meta":{"footnotes":""},"class_list":["post-1012","page","type-page","status-publish","hentry"],"_hostinger_reach_plugin_has_subscription_block":false,"_hostinger_reach_plugin_is_elementor":false,"_links":{"self":[{"href":"https:\/\/turkongo.com\/tr\/wp-json\/wp\/v2\/pages\/1012","targetHints":{"allow":["GET"]}}],"collection":[{"href":"https:\/\/turkongo.com\/tr\/wp-json\/wp\/v2\/pages"}],"about":[{"href":"https:\/\/turkongo.com\/tr\/wp-json\/wp\/v2\/types\/page"}],"author":[{"embeddable":true,"href":"https:\/\/turkongo.com\/tr\/wp-json\/wp\/v2\/users\/1"}],"replies":[{"embeddable":true,"href":"https:\/\/turkongo.com\/tr\/wp-json\/wp\/v2\/comments?post=1012"}],"version-history":[{"count":9,"href":"https:\/\/turkongo.com\/tr\/wp-json\/wp\/v2\/pages\/1012\/revisions"}],"predecessor-version":[{"id":1193,"href":"https:\/\/turkongo.com\/tr\/wp-json\/wp\/v2\/pages\/1012\/revisions\/1193"}],"wp:attachment":[{"href":"https:\/\/turkongo.com\/tr\/wp-json\/wp\/v2\/media?parent=1012"}],"curies":[{"name":"wp","href":"https:\/\/api.w.org\/{rel}","templated":true}]}}