{"id":1010,"date":"2022-11-26T16:39:26","date_gmt":"2022-11-26T13:39:26","guid":{"rendered":"https:\/\/www.turkongo.com\/?page_id=1010"},"modified":"2022-12-23T16:57:42","modified_gmt":"2022-12-23T13:57:42","slug":"turkongo-trade","status":"publish","type":"page","link":"https:\/\/turkongo.com\/tr\/turkongo-trade\/","title":{"rendered":"Turkongo Trade"},"content":{"rendered":"<p>[vc_row full_width=&#8221;stretch_row_content_no_spaces&#8221; css=&#8221;.vc_custom_1666694460386{background-image: url(http:\/\/www.turkongo.com\/wp-content\/uploads\/2022\/10\/f1.jpg?id=919) !important;}&#8221;][vc_column][vc_empty_space height=&#8221;102px&#8221;][vc_custom_heading text=&#8221;Turkongo Trade&#8221; font_container=&#8221;tag:h1|font_size:50px|text_align:center|color:%23ffffff&#8221; google_fonts=&#8221;font_family:Nunito%3A300%2Cregular%2C700|font_style:700%20bold%20regular%3A700%3Anormal&#8221;][vc_empty_space height=&#8221;102px&#8221;][\/vc_column][\/vc_row][vc_row][vc_column][vc_empty_space height=&#8221;50px&#8221;][vc_column_text]<\/p>\n<h3><strong>Turkongo Trade<\/strong><\/h3>\n<p>Uluslararas\u0131 \u015firketlerin kar\u015f\u0131la\u015fabilecekleri riskleri ortadan kaldiriyor ve karlar\u0131n\u0131 en \u00fcst d\u00fczeye \u00e7\u0131kararak T\u00fcrkiye&#8217;den ticaret yapmadan \u00f6nce b\u00f6lgeden kaynak bulmalar\u0131na ve gerekli ara\u015ft\u0131rmalar\u0131 yapmalar\u0131na yard\u0131mc\u0131 oluyoruz. \u00dcretimten ve teslimata giden yolda, tedarik\u00e7i ve al\u0131c\u0131 aras\u0131nda g\u00fcven k\u00f6pr\u00fcs\u00fc olu\u015fturuyoruz. \u00dcr\u00fcn\/Hizmet alacak \u015firketlerin T\u00fcrk Ticaret Kanun mevzuatlar\u0131na uygun Risksiz ticaret yapmalar\u0131 i\u00e7in \u00e7al\u0131\u015f\u0131yoruz.[\/vc_column_text][\/vc_column][\/vc_row][vc_row][vc_column width=&#8221;1\/3&#8243;][vc_empty_space][vc_single_image image=&#8221;1031&#8243; img_size=&#8221;full&#8221; alignment=&#8221;center&#8221; style=&#8221;vc_box_outline&#8221; border_color=&#8221;black&#8221;][vc_empty_space][\/vc_column][vc_column width=&#8221;1\/3&#8243;][vc_empty_space][vc_single_image image=&#8221;1032&#8243; img_size=&#8221;full&#8221; alignment=&#8221;center&#8221; style=&#8221;vc_box_outline&#8221; border_color=&#8221;black&#8221;][vc_empty_space][\/vc_column][vc_column width=&#8221;1\/3&#8243;][vc_empty_space][vc_single_image image=&#8221;1033&#8243; img_size=&#8221;full&#8221; alignment=&#8221;center&#8221; style=&#8221;vc_box_outline&#8221; border_color=&#8221;black&#8221;][vc_empty_space][\/vc_column][\/vc_row][vc_row full_width=&#8221;stretch_row&#8221; css=&#8221;.vc_custom_1666690871682{background-color: #000000 !important;}&#8221;][vc_column width=&#8221;2\/3&#8243;][vc_empty_space height=&#8221;25px&#8221;][vc_custom_heading text=&#8221;Turkongo&#8221; font_container=&#8221;tag:h1|font_size:24px|text_align:left|color:%23ffffff&#8221; google_fonts=&#8221;font_family:Montserrat%3Aregular%2C700|font_style:700%20bold%20regular%3A700%3Anormal&#8221;][vc_custom_heading text=&#8221;\u00c7\u00f6z\u00fcmlerimiz ve \u00fcr\u00fcnlerimiz hakk\u0131nda detayl\u0131 bilgi almak i\u00e7in ileti\u015fime ge\u00e7ebilirsiniz&#8230;&#8221; font_container=&#8221;tag:h1|font_size:25px|text_align:left|color:%23e1b34a&#8221; google_fonts=&#8221;font_family:Montserrat%3Aregular%2C700|font_style:400%20regular%3A400%3Anormal&#8221;][vc_empty_space][\/vc_column][vc_column width=&#8221;1\/3&#8243;][vc_empty_space][vc_empty_space][vc_empty_space height=&#8221;15px&#8221;][vc_btn title=&#8221;H\u0131zl\u0131 Talep Formu&#8221; style=&#8221;outline&#8221; color=&#8221;white&#8221;][vc_empty_space][\/vc_column][\/vc_row]<\/p>","protected":false},"excerpt":{"rendered":"<p>[vc_row full_width=&#8221;stretch_row_content_no_spaces&#8221; css=&#8221;.vc_custom_1666694460386{background-image: url(http:\/\/www.turkongo.com\/wp-content\/uploads\/2022\/10\/f1.jpg?id=919) !important;}&#8221;][vc_column][vc_empty_space height=&#8221;102px&#8221;][vc_custom_heading text=&#8221;Turkongo Trade&#8221; font_container=&#8221;tag:h1|font_size:50px|text_align:center|color:%23ffffff&#8221; google_fonts=&#8221;font_family:Nunito%3A300%2Cregular%2C700|font_style:700%20bold%20regular%3A700%3Anormal&#8221;][vc_empty_space height=&#8221;102px&#8221;][\/vc_column][\/vc_row][vc_row][vc_column][vc_empty_space height=&#8221;50px&#8221;][vc_column_text] Turkongo Trade Uluslararas\u0131 \u015firketlerin kar\u015f\u0131la\u015fabilecekleri riskleri ortadan kaldiriyor ve karlar\u0131n\u0131 en \u00fcst d\u00fczeye \u00e7\u0131kararak T\u00fcrkiye&#8217;den ticaret yapmadan \u00f6nce b\u00f6lgeden kaynak bulmalar\u0131na ve gerekli ara\u015ft\u0131rmalar\u0131 yapmalar\u0131na yard\u0131mc\u0131 oluyoruz. \u00dcretimten&#8230;<\/p>\n","protected":false},"author":1,"featured_media":0,"parent":0,"menu_order":0,"comment_status":"closed","ping_status":"closed","template":"","meta":{"footnotes":""},"class_list":["post-1010","page","type-page","status-publish","hentry"],"_hostinger_reach_plugin_has_subscription_block":false,"_hostinger_reach_plugin_is_elementor":false,"_links":{"self":[{"href":"https:\/\/turkongo.com\/tr\/wp-json\/wp\/v2\/pages\/1010","targetHints":{"allow":["GET"]}}],"collection":[{"href":"https:\/\/turkongo.com\/tr\/wp-json\/wp\/v2\/pages"}],"about":[{"href":"https:\/\/turkongo.com\/tr\/wp-json\/wp\/v2\/types\/page"}],"author":[{"embeddable":true,"href":"https:\/\/turkongo.com\/tr\/wp-json\/wp\/v2\/users\/1"}],"replies":[{"embeddable":true,"href":"https:\/\/turkongo.com\/tr\/wp-json\/wp\/v2\/comments?post=1010"}],"version-history":[{"count":8,"href":"https:\/\/turkongo.com\/tr\/wp-json\/wp\/v2\/pages\/1010\/revisions"}],"predecessor-version":[{"id":1185,"href":"https:\/\/turkongo.com\/tr\/wp-json\/wp\/v2\/pages\/1010\/revisions\/1185"}],"wp:attachment":[{"href":"https:\/\/turkongo.com\/tr\/wp-json\/wp\/v2\/media?parent=1010"}],"curies":[{"name":"wp","href":"https:\/\/api.w.org\/{rel}","templated":true}]}}