{"id":959,"date":"2022-11-26T15:44:58","date_gmt":"2022-11-26T12:44:58","guid":{"rendered":"https:\/\/www.turkongo.com\/?page_id=959"},"modified":"2022-12-14T15:42:45","modified_gmt":"2022-12-14T12:42:45","slug":"genlesme-tanki","status":"publish","type":"page","link":"https:\/\/turkongo.com\/en\/genlesme-tanki\/","title":{"rendered":"Genle\u015fme Tank\u0131"},"content":{"rendered":"<p>[vc_row full_width=&#8221;stretch_row_content_no_spaces&#8221; css=&#8221;.vc_custom_1669468591798{background-image: url(https:\/\/turkongo.com\/wp-content\/uploads\/2022\/11\/4.jpg?id=997) !important;}&#8221;][vc_column][vc_empty_space height=&#8221;102px&#8221;][vc_custom_heading text=&#8221;Genle\u015fme Tank\u0131&#8221; font_container=&#8221;tag:h1|font_size:50px|text_align:center|color:%23ffffff&#8221; google_fonts=&#8221;font_family:Nunito%3A300%2Cregular%2C700|font_style:700%20bold%20regular%3A700%3Anormal&#8221;][vc_empty_space height=&#8221;102px&#8221;][\/vc_column][\/vc_row][vc_row][vc_column][vc_empty_space height=&#8221;50px&#8221;][vc_column_text]<\/p>\n<h2><strong>Genle\u015fme Tank\u0131<\/strong><\/h2>\n<p>Genle\u015fme tank\u0131 ne demek\u00a0sorusunun yan\u0131t\u0131n\u0131 basit bir denklem ile anlatal\u0131m. Su \u0131s\u0131nd\u0131\u011f\u0131 zaman genle\u015fir. Genle\u015fen su, i\u00e7inde bulundu\u011fu kapal\u0131 \u0131s\u0131tma sistemlerindeki bas\u0131nca etki eder ve bu sistemlerdeki bas\u0131nc\u0131n artmas\u0131na neden olur. Zamanla bu bas\u0131n\u00e7 daha da artar ve \u00e7e\u015fitli dalgalanmalar meydana gelir. Bu dalgalanmalar sisteme zarar vermeye ba\u015flar. S\u0131cakl\u0131\u011f\u0131n artmas\u0131 ile genle\u015fen su kontrol alt\u0131na al\u0131nmaz ise borularda, kazanda ve \u0131s\u0131tma sisteminde s\u0131z\u0131nt\u0131lara neden olur. En zay\u0131f noktadan patlak veren bu s\u0131z\u0131nt\u0131lar \u0131s\u0131tma sisteminden verim almaman\u0131za ve sistemin ar\u0131zalanmas\u0131na yol a\u00e7ar. Bu bas\u0131nc\u0131 ve olas\u0131 tehlikeleri engellemek i\u00e7in tasarlanan cihaza genle\u015fme tank\u0131 denir.[\/vc_column_text][\/vc_column][\/vc_row][vc_row][vc_column width=&#8221;1\/3&#8243;][vc_empty_space][vc_custom_heading text=&#8221;10 Bar Genle\u015fme Tank\u0131&#8221; font_container=&#8221;tag:h2|font_size:25px|text_align:left&#8221; google_fonts=&#8221;font_family:Nunito%3A300%2Cregular%2C700|font_style:400%20regular%3A400%3Anormal&#8221;][vc_single_image image=&#8221;998&#8243; img_size=&#8221;full&#8221; alignment=&#8221;center&#8221; style=&#8221;vc_box_outline&#8221; border_color=&#8221;black&#8221;][vc_empty_space][\/vc_column][vc_column width=&#8221;1\/3&#8243;][vc_empty_space][vc_custom_heading text=&#8221;16 Bar Genle\u015fme Tank\u0131&#8221; font_container=&#8221;tag:h2|font_size:25px|text_align:left&#8221; google_fonts=&#8221;font_family:Nunito%3A300%2Cregular%2C700|font_style:400%20regular%3A400%3Anormal&#8221;][vc_single_image image=&#8221;999&#8243; img_size=&#8221;full&#8221; alignment=&#8221;center&#8221; style=&#8221;vc_box_outline&#8221; border_color=&#8221;black&#8221;][vc_empty_space][\/vc_column][vc_column width=&#8221;1\/3&#8243;][\/vc_column][\/vc_row][vc_row full_width=&#8221;stretch_row&#8221; css=&#8221;.vc_custom_1666690871682{background-color: #000000 !important;}&#8221;][vc_column width=&#8221;2\/3&#8243;][vc_empty_space height=&#8221;25px&#8221;][vc_custom_heading text=&#8221;Turkongo&#8221; font_container=&#8221;tag:h1|font_size:24px|text_align:left|color:%23ffffff&#8221; google_fonts=&#8221;font_family:Montserrat%3Aregular%2C700|font_style:700%20bold%20regular%3A700%3Anormal&#8221;][vc_custom_heading text=&#8221;\u00c7\u00f6z\u00fcmlerimiz ve \u00fcr\u00fcnlerimiz hakk\u0131nda detayl\u0131 bilgi almak i\u00e7in ileti\u015fime ge\u00e7ebilirsiniz&#8230;&#8221; font_container=&#8221;tag:h1|font_size:25px|text_align:left|color:%23e1b34a&#8221; google_fonts=&#8221;font_family:Montserrat%3Aregular%2C700|font_style:400%20regular%3A400%3Anormal&#8221;][vc_empty_space][\/vc_column][vc_column width=&#8221;1\/3&#8243;][vc_empty_space][vc_empty_space][vc_empty_space height=&#8221;15px&#8221;][vc_btn title=&#8221;H\u0131zl\u0131 Talep Formu&#8221; style=&#8221;outline&#8221; color=&#8221;white&#8221;][vc_empty_space][\/vc_column][\/vc_row]<\/p>","protected":false},"excerpt":{"rendered":"<p>[vc_row full_width=&#8221;stretch_row_content_no_spaces&#8221; css=&#8221;.vc_custom_1669468591798{background-image: url(https:\/\/turkongo.com\/wp-content\/uploads\/2022\/11\/4.jpg?id=997) !important;}&#8221;][vc_column][vc_empty_space height=&#8221;102px&#8221;][vc_custom_heading text=&#8221;Genle\u015fme Tank\u0131&#8221; font_container=&#8221;tag:h1|font_size:50px|text_align:center|color:%23ffffff&#8221; google_fonts=&#8221;font_family:Nunito%3A300%2Cregular%2C700|font_style:700%20bold%20regular%3A700%3Anormal&#8221;][vc_empty_space height=&#8221;102px&#8221;][\/vc_column][\/vc_row][vc_row][vc_column][vc_empty_space height=&#8221;50px&#8221;][vc_column_text] Genle\u015fme Tank\u0131 Genle\u015fme tank\u0131 ne demek\u00a0sorusunun yan\u0131t\u0131n\u0131 basit bir denklem ile anlatal\u0131m. Su \u0131s\u0131nd\u0131\u011f\u0131 zaman genle\u015fir. Genle\u015fen su, i\u00e7inde bulundu\u011fu kapal\u0131 \u0131s\u0131tma sistemlerindeki bas\u0131nca etki eder ve bu&#8230;<\/p>\n","protected":false},"author":1,"featured_media":0,"parent":0,"menu_order":0,"comment_status":"closed","ping_status":"closed","template":"","meta":{"footnotes":""},"class_list":["post-959","page","type-page","status-publish","hentry"],"_hostinger_reach_plugin_has_subscription_block":false,"_hostinger_reach_plugin_is_elementor":false,"_links":{"self":[{"href":"https:\/\/turkongo.com\/en\/wp-json\/wp\/v2\/pages\/959","targetHints":{"allow":["GET"]}}],"collection":[{"href":"https:\/\/turkongo.com\/en\/wp-json\/wp\/v2\/pages"}],"about":[{"href":"https:\/\/turkongo.com\/en\/wp-json\/wp\/v2\/types\/page"}],"author":[{"embeddable":true,"href":"https:\/\/turkongo.com\/en\/wp-json\/wp\/v2\/users\/1"}],"replies":[{"embeddable":true,"href":"https:\/\/turkongo.com\/en\/wp-json\/wp\/v2\/comments?post=959"}],"version-history":[{"count":5,"href":"https:\/\/turkongo.com\/en\/wp-json\/wp\/v2\/pages\/959\/revisions"}],"predecessor-version":[{"id":1152,"href":"https:\/\/turkongo.com\/en\/wp-json\/wp\/v2\/pages\/959\/revisions\/1152"}],"wp:attachment":[{"href":"https:\/\/turkongo.com\/en\/wp-json\/wp\/v2\/media?parent=959"}],"curies":[{"name":"wp","href":"https:\/\/api.w.org\/{rel}","templated":true}]}}