{"id":955,"date":"2022-11-26T15:42:58","date_gmt":"2022-11-26T12:42:58","guid":{"rendered":"https:\/\/www.turkongo.com\/?page_id=955"},"modified":"2022-12-14T15:41:55","modified_gmt":"2022-12-14T12:41:55","slug":"hidrofor","status":"publish","type":"page","link":"https:\/\/turkongo.com\/en\/hidrofor\/","title":{"rendered":"Hidrofor"},"content":{"rendered":"<p>[vc_row full_width=&#8221;stretch_row_content_no_spaces&#8221; css=&#8221;.vc_custom_1669468353800{background-image: url(https:\/\/turkongo.com\/wp-content\/uploads\/2022\/11\/3.jpg?id=993) !important;}&#8221;][vc_column][vc_empty_space height=&#8221;102px&#8221;][vc_custom_heading text=&#8221;Hidrofor&#8221; font_container=&#8221;tag:h1|font_size:50px|text_align:center|color:%23ffffff&#8221; google_fonts=&#8221;font_family:Nunito%3A300%2Cregular%2C700|font_style:700%20bold%20regular%3A700%3Anormal&#8221;][vc_empty_space height=&#8221;102px&#8221;][\/vc_column][\/vc_row][vc_row][vc_column][vc_empty_space height=&#8221;50px&#8221;][vc_column_text]<\/p>\n<h2><strong>Hidrofor<\/strong><\/h2>\n<p>Halk aras\u0131nda \u201csuyun bas\u0131n\u00e7land\u0131r\u0131lmas\u0131\u201d olarak bilinen hidrofor; su bas\u0131nc\u0131n\u0131n yetersiz kald\u0131\u011f\u0131 yerlerde kullan\u0131lan su bas\u0131n\u00e7land\u0131rma sistemlerine verilen isimdir. Binalarda, dairelerde, m\u00fcstakil villalarda, site ya da y\u00fcksek binalarda \u015febeke su bas\u0131nc\u0131n\u0131n yeterli gelmedi\u011fi durumlarda, bas\u0131n\u00e7l\u0131 su ihtiyac\u0131n\u0131n kar\u015f\u0131lanmas\u0131 amac\u0131yla kullan\u0131l\u0131r. Genellikle elektrik ile \u00e7al\u0131\u015f\u0131r; musluklardan akan suyun bas\u0131nc\u0131n\u0131 artt\u0131rmaya yarar. Bir genle\u015fme tank\u0131 vard\u0131r ve bu tank yard\u0131m\u0131 ile \u015febeke suyunun yetmedi\u011fi yerlerde su basmak amac\u0131 kullan\u0131l\u0131r.[\/vc_column_text][\/vc_column][\/vc_row][vc_row][vc_column width=&#8221;1\/3&#8243;][vc_empty_space][vc_custom_heading text=&#8221;Kullan\u0131m Suyu Hidroforu&#8221; font_container=&#8221;tag:h2|font_size:25px|text_align:left&#8221; google_fonts=&#8221;font_family:Nunito%3A300%2Cregular%2C700|font_style:400%20regular%3A400%3Anormal&#8221;][vc_single_image image=&#8221;994&#8243; img_size=&#8221;full&#8221; alignment=&#8221;center&#8221; style=&#8221;vc_box_outline&#8221; border_color=&#8221;black&#8221;][vc_empty_space][\/vc_column][vc_column width=&#8221;1\/3&#8243;][vc_empty_space][vc_custom_heading text=&#8221;Yang\u0131n Hidroforu&#8221; font_container=&#8221;tag:h2|font_size:25px|text_align:left&#8221; google_fonts=&#8221;font_family:Nunito%3A300%2Cregular%2C700|font_style:400%20regular%3A400%3Anormal&#8221;][vc_single_image image=&#8221;995&#8243; img_size=&#8221;full&#8221; alignment=&#8221;center&#8221; style=&#8221;vc_box_outline&#8221; border_color=&#8221;black&#8221;][vc_empty_space][\/vc_column][vc_column width=&#8221;1\/3&#8243;][\/vc_column][\/vc_row][vc_row full_width=&#8221;stretch_row&#8221; css=&#8221;.vc_custom_1666690871682{background-color: #000000 !important;}&#8221;][vc_column width=&#8221;2\/3&#8243;][vc_empty_space height=&#8221;25px&#8221;][vc_custom_heading text=&#8221;Turkongo&#8221; font_container=&#8221;tag:h1|font_size:24px|text_align:left|color:%23ffffff&#8221; google_fonts=&#8221;font_family:Montserrat%3Aregular%2C700|font_style:700%20bold%20regular%3A700%3Anormal&#8221;][vc_custom_heading text=&#8221;\u00c7\u00f6z\u00fcmlerimiz ve \u00fcr\u00fcnlerimiz hakk\u0131nda detayl\u0131 bilgi almak i\u00e7in ileti\u015fime ge\u00e7ebilirsiniz&#8230;&#8221; font_container=&#8221;tag:h1|font_size:25px|text_align:left|color:%23e1b34a&#8221; google_fonts=&#8221;font_family:Montserrat%3Aregular%2C700|font_style:400%20regular%3A400%3Anormal&#8221;][vc_empty_space][\/vc_column][vc_column width=&#8221;1\/3&#8243;][vc_empty_space][vc_empty_space][vc_empty_space height=&#8221;15px&#8221;][vc_btn title=&#8221;H\u0131zl\u0131 Talep Formu&#8221; style=&#8221;outline&#8221; color=&#8221;white&#8221;][vc_empty_space][\/vc_column][\/vc_row]<\/p>","protected":false},"excerpt":{"rendered":"<p>[vc_row full_width=&#8221;stretch_row_content_no_spaces&#8221; css=&#8221;.vc_custom_1669468353800{background-image: url(https:\/\/turkongo.com\/wp-content\/uploads\/2022\/11\/3.jpg?id=993) !important;}&#8221;][vc_column][vc_empty_space height=&#8221;102px&#8221;][vc_custom_heading text=&#8221;Hidrofor&#8221; font_container=&#8221;tag:h1|font_size:50px|text_align:center|color:%23ffffff&#8221; google_fonts=&#8221;font_family:Nunito%3A300%2Cregular%2C700|font_style:700%20bold%20regular%3A700%3Anormal&#8221;][vc_empty_space height=&#8221;102px&#8221;][\/vc_column][\/vc_row][vc_row][vc_column][vc_empty_space height=&#8221;50px&#8221;][vc_column_text] Hidrofor Halk aras\u0131nda \u201csuyun bas\u0131n\u00e7land\u0131r\u0131lmas\u0131\u201d olarak bilinen hidrofor; su bas\u0131nc\u0131n\u0131n yetersiz kald\u0131\u011f\u0131 yerlerde kullan\u0131lan su bas\u0131n\u00e7land\u0131rma sistemlerine verilen isimdir. Binalarda, dairelerde, m\u00fcstakil villalarda, site ya da y\u00fcksek binalarda \u015febeke&#8230;<\/p>\n","protected":false},"author":1,"featured_media":0,"parent":0,"menu_order":0,"comment_status":"closed","ping_status":"closed","template":"","meta":{"footnotes":""},"class_list":["post-955","page","type-page","status-publish","hentry"],"_hostinger_reach_plugin_has_subscription_block":false,"_hostinger_reach_plugin_is_elementor":false,"_links":{"self":[{"href":"https:\/\/turkongo.com\/en\/wp-json\/wp\/v2\/pages\/955","targetHints":{"allow":["GET"]}}],"collection":[{"href":"https:\/\/turkongo.com\/en\/wp-json\/wp\/v2\/pages"}],"about":[{"href":"https:\/\/turkongo.com\/en\/wp-json\/wp\/v2\/types\/page"}],"author":[{"embeddable":true,"href":"https:\/\/turkongo.com\/en\/wp-json\/wp\/v2\/users\/1"}],"replies":[{"embeddable":true,"href":"https:\/\/turkongo.com\/en\/wp-json\/wp\/v2\/comments?post=955"}],"version-history":[{"count":5,"href":"https:\/\/turkongo.com\/en\/wp-json\/wp\/v2\/pages\/955\/revisions"}],"predecessor-version":[{"id":1151,"href":"https:\/\/turkongo.com\/en\/wp-json\/wp\/v2\/pages\/955\/revisions\/1151"}],"wp:attachment":[{"href":"https:\/\/turkongo.com\/en\/wp-json\/wp\/v2\/media?parent=955"}],"curies":[{"name":"wp","href":"https:\/\/api.w.org\/{rel}","templated":true}]}}