{"id":922,"date":"2022-10-25T13:42:12","date_gmt":"2022-10-25T10:42:12","guid":{"rendered":"http:\/\/www.turkongo.com\/?page_id=922"},"modified":"2022-12-14T15:37:40","modified_gmt":"2022-12-14T12:37:40","slug":"kabin","status":"publish","type":"page","link":"https:\/\/turkongo.com\/en\/kabin\/","title":{"rendered":"Kabin"},"content":{"rendered":"<p>[vc_row full_width=&#8221;stretch_row_content_no_spaces&#8221; css=&#8221;.vc_custom_1666694742787{background-image: url(http:\/\/www.turkongo.com\/wp-content\/uploads\/2022\/10\/1-3.jpg?id=928) !important;}&#8221;][vc_column][vc_empty_space height=&#8221;102px&#8221;][vc_custom_heading text=&#8221;Kabin&#8221; font_container=&#8221;tag:h1|font_size:50px|text_align:center|color:%23ffffff&#8221; google_fonts=&#8221;font_family:Nunito%3A300%2Cregular%2C700|font_style:700%20bold%20regular%3A700%3Anormal&#8221;][vc_empty_space height=&#8221;102px&#8221;][\/vc_column][\/vc_row][vc_row][vc_column][vc_empty_space height=&#8221;50px&#8221;][vc_column_text]<\/p>\n<h2><strong>Kabin<\/strong><\/h2>\n<p>Kabinlerimizin \u00e7evre dostu olmas\u0131, \u00fcst\u00fcn kalitesi, \u00fcst\u00fcn yal\u0131t\u0131m \u00f6zellikleri, daha h\u0131zl\u0131 \u00fcretimi, daha h\u0131zl\u0131 montaj\u0131 ve daha ekonomik olmas\u0131 kriterleri ile m\u00fc\u015fterileri taleplerine eksiksiz yan\u0131t vermektedir.<br \/>\nKabinler gerek kamu gerekse \u00f6zel sekt\u00f6r\u00fcn ihtiya\u00e7lar\u0131n\u0131n yan\u0131 s\u0131ra bireysel taleplere de cevap veren \u00fcr\u00fcnlerdir. \u00d6zellikle g\u00f6zetleme ve kontrol i\u00e7in g\u00fcvenlik kul\u00fcbesi, \u015fantiyelerde bek\u00e7i kabini, askeri birlikte nizamiye, apartman ve sitelerde g\u00fcvenlik ve bek\u00e7i kul\u00fcbesi olarak kullan\u0131labilmektedir. \u015eehir merkezlerinde kontrol noktalar\u0131, dan\u0131\u015fma kabinleri, sat\u0131\u015f ama\u00e7l\u0131 b\u00fcfeler, toplu kullan\u0131ma uygun wc du\u015flar gibi bir\u00e7ok ihtiyaca hizmet vermektedir.<\/p>\n<p>Bu kabinlerin en \u00e7ok tercih edilme sebepleri pratik ve ekonomik olmas\u0131, istenildi\u011finde kolayca yer de\u011fi\u015ftirip ta\u015f\u0131nabilmesi, her t\u00fcrl\u00fc mimari tasar\u0131ma uygun olmas\u0131d\u0131r.<\/p>\n<p>Standart kabinler d\u0131\u015f\u0131nda, farkl\u0131 m\u00fc\u015fteri ihtiya\u00e7lar\u0131 do\u011frultusunda, farkl\u0131 ebatlar ve \u00f6zelliklerde kabin \u00fcretimi de yap\u0131labilmektedir.[\/vc_column_text][\/vc_column][\/vc_row][vc_row][vc_column width=&#8221;1\/3&#8243;][vc_empty_space][vc_custom_heading text=&#8221;G\u00fcvenlik Kabini&#8221; font_container=&#8221;tag:h2|font_size:25px|text_align:left&#8221; google_fonts=&#8221;font_family:Nunito%3A300%2Cregular%2C700|font_style:400%20regular%3A400%3Anormal&#8221;][vc_single_image image=&#8221;925&#8243; img_size=&#8221;full&#8221; alignment=&#8221;center&#8221; style=&#8221;vc_box_outline&#8221; border_color=&#8221;black&#8221;][vc_empty_space][\/vc_column][vc_column width=&#8221;1\/3&#8243;][vc_empty_space][vc_custom_heading text=&#8221;WC-Du\u015f Kabini&#8221; font_container=&#8221;tag:h2|font_size:25px|text_align:left&#8221; google_fonts=&#8221;font_family:Nunito%3A300%2Cregular%2C700|font_style:400%20regular%3A400%3Anormal&#8221;][vc_single_image image=&#8221;926&#8243; img_size=&#8221;full&#8221; alignment=&#8221;center&#8221; style=&#8221;vc_box_outline&#8221; border_color=&#8221;black&#8221;][vc_empty_space][\/vc_column][vc_column width=&#8221;1\/3&#8243;][vc_empty_space][vc_custom_heading text=&#8221;Z\u0131rhl\u0131 G\u00fcvenlik Kabini&#8221; font_container=&#8221;tag:h2|font_size:25px|text_align:left&#8221; google_fonts=&#8221;font_family:Nunito%3A300%2Cregular%2C700|font_style:400%20regular%3A400%3Anormal&#8221;][vc_single_image image=&#8221;927&#8243; img_size=&#8221;full&#8221; alignment=&#8221;center&#8221; style=&#8221;vc_box_outline&#8221; border_color=&#8221;black&#8221;][vc_empty_space][\/vc_column][\/vc_row][vc_row full_width=&#8221;stretch_row&#8221; css=&#8221;.vc_custom_1666690871682{background-color: #000000 !important;}&#8221;][vc_column width=&#8221;2\/3&#8243;][vc_empty_space height=&#8221;25px&#8221;][vc_custom_heading text=&#8221;Turkongo&#8221; font_container=&#8221;tag:h1|font_size:24px|text_align:left|color:%23ffffff&#8221; google_fonts=&#8221;font_family:Montserrat%3Aregular%2C700|font_style:700%20bold%20regular%3A700%3Anormal&#8221;][vc_custom_heading text=&#8221;\u00c7\u00f6z\u00fcmlerimiz ve \u00fcr\u00fcnlerimiz hakk\u0131nda detayl\u0131 bilgi almak i\u00e7in ileti\u015fime ge\u00e7ebilirsiniz&#8230;&#8221; font_container=&#8221;tag:h1|font_size:25px|text_align:left|color:%23e1b34a&#8221; google_fonts=&#8221;font_family:Montserrat%3Aregular%2C700|font_style:400%20regular%3A400%3Anormal&#8221;][vc_empty_space][\/vc_column][vc_column width=&#8221;1\/3&#8243;][vc_empty_space][vc_empty_space][vc_empty_space height=&#8221;15px&#8221;][vc_btn title=&#8221;H\u0131zl\u0131 Talep Formu&#8221; style=&#8221;outline&#8221; color=&#8221;white&#8221;][vc_empty_space][\/vc_column][\/vc_row]<\/p>","protected":false},"excerpt":{"rendered":"<p>[vc_row full_width=&#8221;stretch_row_content_no_spaces&#8221; css=&#8221;.vc_custom_1666694742787{background-image: url(http:\/\/www.turkongo.com\/wp-content\/uploads\/2022\/10\/1-3.jpg?id=928) !important;}&#8221;][vc_column][vc_empty_space height=&#8221;102px&#8221;][vc_custom_heading text=&#8221;Kabin&#8221; font_container=&#8221;tag:h1|font_size:50px|text_align:center|color:%23ffffff&#8221; google_fonts=&#8221;font_family:Nunito%3A300%2Cregular%2C700|font_style:700%20bold%20regular%3A700%3Anormal&#8221;][vc_empty_space height=&#8221;102px&#8221;][\/vc_column][\/vc_row][vc_row][vc_column][vc_empty_space height=&#8221;50px&#8221;][vc_column_text] Kabin Kabinlerimizin \u00e7evre dostu olmas\u0131, \u00fcst\u00fcn kalitesi, \u00fcst\u00fcn yal\u0131t\u0131m \u00f6zellikleri, daha h\u0131zl\u0131 \u00fcretimi, daha h\u0131zl\u0131 montaj\u0131 ve daha ekonomik olmas\u0131 kriterleri ile m\u00fc\u015fterileri taleplerine eksiksiz yan\u0131t vermektedir. Kabinler gerek&#8230;<\/p>\n","protected":false},"author":1,"featured_media":0,"parent":0,"menu_order":0,"comment_status":"closed","ping_status":"closed","template":"","meta":{"footnotes":""},"class_list":["post-922","page","type-page","status-publish","hentry"],"_hostinger_reach_plugin_has_subscription_block":false,"_hostinger_reach_plugin_is_elementor":false,"_links":{"self":[{"href":"https:\/\/turkongo.com\/en\/wp-json\/wp\/v2\/pages\/922","targetHints":{"allow":["GET"]}}],"collection":[{"href":"https:\/\/turkongo.com\/en\/wp-json\/wp\/v2\/pages"}],"about":[{"href":"https:\/\/turkongo.com\/en\/wp-json\/wp\/v2\/types\/page"}],"author":[{"embeddable":true,"href":"https:\/\/turkongo.com\/en\/wp-json\/wp\/v2\/users\/1"}],"replies":[{"embeddable":true,"href":"https:\/\/turkongo.com\/en\/wp-json\/wp\/v2\/comments?post=922"}],"version-history":[{"count":4,"href":"https:\/\/turkongo.com\/en\/wp-json\/wp\/v2\/pages\/922\/revisions"}],"predecessor-version":[{"id":1147,"href":"https:\/\/turkongo.com\/en\/wp-json\/wp\/v2\/pages\/922\/revisions\/1147"}],"wp:attachment":[{"href":"https:\/\/turkongo.com\/en\/wp-json\/wp\/v2\/media?parent=922"}],"curies":[{"name":"wp","href":"https:\/\/api.w.org\/{rel}","templated":true}]}}