{"id":916,"date":"2022-10-25T13:38:05","date_gmt":"2022-10-25T10:38:05","guid":{"rendered":"http:\/\/www.turkongo.com\/?page_id=916"},"modified":"2022-12-23T16:57:55","modified_gmt":"2022-12-23T13:57:55","slug":"lojistik-hizmetleri","status":"publish","type":"page","link":"https:\/\/turkongo.com\/en\/lojistik-hizmetleri\/","title":{"rendered":"Lojistik Hizmetleri"},"content":{"rendered":"<p>[vc_row full_width=&#8221;stretch_row_content_no_spaces&#8221; css=&#8221;.vc_custom_1666694460386{background-image: url(http:\/\/www.turkongo.com\/wp-content\/uploads\/2022\/10\/f1.jpg?id=919) !important;}&#8221;][vc_column][vc_empty_space height=&#8221;102px&#8221;][vc_custom_heading text=&#8221;Logistics Services&#8221; font_container=&#8221;tag:h1|font_size:50px|text_align:center|color:%23ffffff&#8221; google_fonts=&#8221;font_family:Nunito%3A300%2Cregular%2C700|font_style:700%20bold%20regular%3A700%3Anormal&#8221;][vc_empty_space height=&#8221;102px&#8221;][\/vc_column][\/vc_row][vc_row][vc_column][vc_empty_space height=&#8221;50px&#8221;][vc_column_text]<\/p>\n<h3>Logistics Services<\/h3>\n<p>As Turkongo Lolistik, we offer maritime transport services with our expert staff in order to establish the connection you need between our partners and all the important ports in Turkey and the world. By observing professional, reliable and economical service standards in import and export and maritime transportation; We provide the transportation service you need with the right timing with our extensive international network opportunities. We carry out the container transportation service, which is carried out with regular weekly departures, in two different ways as FCL and LCL (partial) according to your needs, and we apply the transfer method that is suitable for you under the management of our professional staff.[\/vc_column_text][\/vc_column][\/vc_row][vc_row][vc_column width=&#8221;1\/3&#8243;][vc_empty_space][vc_single_image image=&#8221;1021&#8243; img_size=&#8221;full&#8221; alignment=&#8221;center&#8221; style=&#8221;vc_box_outline&#8221; border_color=&#8221;black&#8221;][vc_empty_space][\/vc_column][vc_column width=&#8221;1\/3&#8243;][vc_empty_space][vc_single_image image=&#8221;1023&#8243; img_size=&#8221;full&#8221; alignment=&#8221;center&#8221; style=&#8221;vc_box_outline&#8221; border_color=&#8221;black&#8221;][vc_empty_space][\/vc_column][vc_column width=&#8221;1\/3&#8243;][vc_empty_space][vc_single_image image=&#8221;1022&#8243; img_size=&#8221;full&#8221; alignment=&#8221;center&#8221; style=&#8221;vc_box_outline&#8221; border_color=&#8221;black&#8221;][vc_empty_space][\/vc_column][\/vc_row][vc_row][vc_column][vc_custom_heading text=&#8221;Container Supply&#8221; font_container=&#8221;tag:h2|font_size:28px|text_align:center&#8221; google_fonts=&#8221;font_family:Nunito%3A300%2Cregular%2C700|font_style:700%20bold%20regular%3A700%3Anormal&#8221;][\/vc_column][\/vc_row][vc_row][vc_column width=&#8221;1\/2&#8243;][vc_empty_space][vc_single_image image=&#8221;1039&#8243; img_size=&#8221;full&#8221; alignment=&#8221;center&#8221;][vc_column_text]<\/p>\n<h3 style=\"text-align: center;\"><strong><span class=\"pr-2\">20&#8217;L\u0130K DC<\/span><\/strong><\/h3>\n<p>[\/vc_column_text]<div class='table-responsive'><table class='table'><thead ><tr><th>GEN\u0130\u015eL\u0130K<\/th><th>UZUNLUK<\/th><th>Y\u00dcKSEKL\u0130K<\/th><th>HAC\u0130M<\/th><th>BO\u015e A\u011eIRLIK<\/th><th>Y\u00dcK KAPAS\u0130TES\u0130<\/th><\/tr><\/thead><tbody><tr><td>2,35 M<\/td><td>5,90 M<\/td><td>2,37 M<\/td><td>33 M\u00b3<\/td><td>2300 KG<\/td><td>21,770 KG<\/td><\/tr><\/tbody><\/table><\/div>[\/vc_column][vc_column width=&#8221;1\/2&#8243;][vc_empty_space][vc_single_image image=&#8221;1042&#8243; img_size=&#8221;full&#8221; alignment=&#8221;center&#8221;][vc_column_text]<\/p>\n<h3 style=\"text-align: center;\"><strong><span class=\"pr-2\">40&#8217;L\u0130K DC<\/span><\/strong><\/h3>\n<p>[\/vc_column_text]<div class='table-responsive'><table class='table'><thead ><tr><th>GEN\u0130\u015eL\u0130K<\/th><th>UZUNLUK<\/th><th>Y\u00dcKSEKL\u0130K<\/th><th>HAC\u0130M<\/th><th>BO\u015e A\u011eIRLIK<\/th><th>Y\u00dcK KAPAS\u0130TES\u0130<\/th><\/tr><\/thead><tbody><tr><td>2,35 M<\/td><td>11,98 M<\/td><td>2,35 M<\/td><td>66 M\u00b3<\/td><td>3.700 KG<\/td><td>26.780 KG<\/td><\/tr><\/tbody><\/table><\/div>[\/vc_column][\/vc_row][vc_row][vc_column width=&#8221;1\/2&#8243;][vc_empty_space][vc_single_image image=&#8221;1043&#8243; img_size=&#8221;full&#8221; alignment=&#8221;center&#8221;][vc_column_text]<\/p>\n<h3 style=\"text-align: center;\"><strong><span class=\"pr-2\">40&#8217;L\u0130K HC<\/span><\/strong><\/h3>\n<p>[\/vc_column_text]<div class='table-responsive'><table class='table'><thead ><tr><th>GEN\u0130\u015eL\u0130K<\/th><th>UZUNLUK<\/th><th>Y\u00dcKSEKL\u0130K<\/th><th>HAC\u0130M<\/th><th>BO\u015e A\u011eIRLIK<\/th><th>Y\u00dcK KAPAS\u0130TES\u0130<\/th><\/tr><\/thead><tbody><tr><td>2,35 M<\/td><td>11,98 M<\/td><td>2,69 M<\/td><td>76 M\u00b3<\/td><td>3.970 KG<\/td><td>26.780 KG<\/td><\/tr><\/tbody><\/table><\/div>[\/vc_column][vc_column width=&#8221;1\/2&#8243;][vc_empty_space][vc_single_image image=&#8221;1044&#8243; img_size=&#8221;full&#8221; alignment=&#8221;center&#8221;][vc_column_text]<\/p>\n<h3 style=\"text-align: center;\"><strong><span class=\"pr-2\">45&#8217;L\u0130K HC<\/span><\/strong><\/h3>\n<p>[\/vc_column_text]<div class='table-responsive'><table class='table'><thead ><tr><th>GEN\u0130\u015eL\u0130K<\/th><th>UZUNLUK<\/th><th>Y\u00dcKSEKL\u0130K<\/th><th>HAC\u0130M<\/th><th>BO\u015e A\u011eIRLIK<\/th><th>Y\u00dcK KAPAS\u0130TES\u0130<\/th><\/tr><\/thead><tbody><tr><td>2,35 M<\/td><td>13,50 M<\/td><td>2,69 M<\/td><td>86 M\u00b3<\/td><td>4.590 KG<\/td><td>27.900 KG<\/td><\/tr><\/tbody><\/table><\/div>[\/vc_column][\/vc_row][vc_row full_width=&#8221;stretch_row&#8221; css=&#8221;.vc_custom_1666690871682{background-color: #000000 !important;}&#8221;][vc_column width=&#8221;2\/3&#8243;][vc_empty_space height=&#8221;25px&#8221;][vc_custom_heading text=&#8221;Turkongo&#8221; font_container=&#8221;tag:h1|font_size:24px|text_align:left|color:%23ffffff&#8221; google_fonts=&#8221;font_family:Montserrat%3Aregular%2C700|font_style:700%20bold%20regular%3A700%3Anormal&#8221;][vc_custom_heading text=&#8221;You can contact us to get detailed information about our solutions and products&#8230;&#8221; font_container=&#8221;tag:h1|font_size:25px|text_align:left|color:%23e1b34a&#8221; google_fonts=&#8221;font_family:Montserrat%3Aregular%2C700|font_style:400%20regular%3A400%3Anormal&#8221;][vc_empty_space][\/vc_column][vc_column width=&#8221;1\/3&#8243;][vc_empty_space][vc_empty_space][vc_empty_space height=&#8221;15px&#8221;][vc_btn title=&#8221;Quick Request Form&#8221; style=&#8221;outline&#8221; color=&#8221;white&#8221;][vc_empty_space][\/vc_column][\/vc_row]<\/p>","protected":false},"excerpt":{"rendered":"<p>[vc_row full_width=&#8221;stretch_row_content_no_spaces&#8221; css=&#8221;.vc_custom_1666694460386{background-image: url(http:\/\/www.turkongo.com\/wp-content\/uploads\/2022\/10\/f1.jpg?id=919) !important;}&#8221;][vc_column][vc_empty_space height=&#8221;102px&#8221;][vc_custom_heading text=&#8221;Logistics Services&#8221; font_container=&#8221;tag:h1|font_size:50px|text_align:center|color:%23ffffff&#8221; google_fonts=&#8221;font_family:Nunito%3A300%2Cregular%2C700|font_style:700%20bold%20regular%3A700%3Anormal&#8221;][vc_empty_space height=&#8221;102px&#8221;][\/vc_column][\/vc_row][vc_row][vc_column][vc_empty_space height=&#8221;50px&#8221;][vc_column_text] Logistics Services As Turkongo Lolistik, we offer maritime transport services with our expert staff in order to establish the connection you need between our partners and all the&#8230;<\/p>\n","protected":false},"author":1,"featured_media":0,"parent":0,"menu_order":0,"comment_status":"closed","ping_status":"closed","template":"","meta":{"footnotes":""},"class_list":["post-916","page","type-page","status-publish","hentry"],"_hostinger_reach_plugin_has_subscription_block":false,"_hostinger_reach_plugin_is_elementor":false,"_links":{"self":[{"href":"https:\/\/turkongo.com\/en\/wp-json\/wp\/v2\/pages\/916","targetHints":{"allow":["GET"]}}],"collection":[{"href":"https:\/\/turkongo.com\/en\/wp-json\/wp\/v2\/pages"}],"about":[{"href":"https:\/\/turkongo.com\/en\/wp-json\/wp\/v2\/types\/page"}],"author":[{"embeddable":true,"href":"https:\/\/turkongo.com\/en\/wp-json\/wp\/v2\/users\/1"}],"replies":[{"embeddable":true,"href":"https:\/\/turkongo.com\/en\/wp-json\/wp\/v2\/comments?post=916"}],"version-history":[{"count":23,"href":"https:\/\/turkongo.com\/en\/wp-json\/wp\/v2\/pages\/916\/revisions"}],"predecessor-version":[{"id":1186,"href":"https:\/\/turkongo.com\/en\/wp-json\/wp\/v2\/pages\/916\/revisions\/1186"}],"wp:attachment":[{"href":"https:\/\/turkongo.com\/en\/wp-json\/wp\/v2\/media?parent=916"}],"curies":[{"name":"wp","href":"https:\/\/api.w.org\/{rel}","templated":true}]}}