{"id":1014,"date":"2022-11-26T16:39:55","date_gmt":"2022-11-26T13:39:55","guid":{"rendered":"https:\/\/www.turkongo.com\/?page_id=1014"},"modified":"2022-12-23T17:04:08","modified_gmt":"2022-12-23T14:04:08","slug":"projelendirme-calismalari","status":"publish","type":"page","link":"https:\/\/turkongo.com\/en\/projelendirme-calismalari\/","title":{"rendered":"Projelendirme \u00c7al\u0131\u015fmalar\u0131"},"content":{"rendered":"<p>[vc_row full_width=&#8221;stretch_row_content_no_spaces&#8221; css=&#8221;.vc_custom_1669627166265{background-image: url(https:\/\/turkongo.com\/wp-content\/uploads\/2022\/11\/m1.jpg?id=1055) !important;}&#8221;][vc_column][vc_empty_space height=&#8221;102px&#8221;][vc_custom_heading text=&#8221;Project Works&#8221; font_container=&#8221;tag:h1|font_size:50px|text_align:center|color:%23ffffff&#8221; google_fonts=&#8221;font_family:Nunito%3A300%2Cregular%2C700|font_style:700%20bold%20regular%3A700%3Anormal&#8221;][vc_empty_space height=&#8221;102px&#8221;][\/vc_column][\/vc_row][vc_row][vc_column][vc_empty_space height=&#8221;50px&#8221;][vc_column_text]<\/p>\n<h3><strong>Projecting<\/strong><\/h3>\n<p>It is the &#8216;research-development&#8217; work done for the realization of a project. In this process, the dynamics of the realization of the project are investigated.<br \/>\nThis study is about finding the goals of the project in a healthy way and forming the strategy of the construction process with the introduction of these dynamics and criteria.<br \/>\nIn order to project a project, the following analytical work should be done.<\/p>\n<p>&#8211; To understand the potential of the project, to set goals.<br \/>\nDetermining the target of the project is the first requirement of the roadmap to be drawn for the project. In order to do this in a healthy way, the internal and external dynamics of the sector should be analyzed and personal expectations regarding the project should be positioned at a realistic level.<\/p>\n<p>&#8211; Budget creation<br \/>\nIn line with the determined target, budget and cost calculation in connection with the scenario.<\/p>\n<p>&#8211; Finance plan logic<br \/>\nDeveloping strategies on the preparation of the financial plan in accordance with the prepared budget with the temporal dimension and the creation of the basic resources of the production.<\/p>\n<p>&#8211; Establishment of the basic structure of the production<br \/>\nDrawing up a work plan suitable for the target set according to the purpose and subject and placing it in the basic structure.<\/p>\n<p>&#8211; Determining the appropriate strategies for the realization of the production<br \/>\nDetermining the feasibility of the conditions in which the construction will take place, alternatively, according to various criteria and format selections.<\/p>\n<p>&#8211; Work on creating an action plan by reviewing all the information, collecting the information required for the applications to be made<br \/>\nAfter collecting all the data, the preparation and follow-up process of the applications for the financial resources of the film.[\/vc_column_text][\/vc_column][\/vc_row][vc_row][vc_column width=&#8221;1\/3&#8243;][vc_empty_space][vc_single_image image=&#8221;1056&#8243; img_size=&#8221;full&#8221; alignment=&#8221;center&#8221; style=&#8221;vc_box_outline&#8221; border_color=&#8221;black&#8221;][vc_empty_space][\/vc_column][vc_column width=&#8221;1\/3&#8243;][vc_empty_space][vc_single_image image=&#8221;1057&#8243; img_size=&#8221;full&#8221; alignment=&#8221;center&#8221; style=&#8221;vc_box_outline&#8221; border_color=&#8221;black&#8221;][vc_empty_space][\/vc_column][vc_column width=&#8221;1\/3&#8243;][\/vc_column][\/vc_row][vc_row full_width=&#8221;stretch_row&#8221; css=&#8221;.vc_custom_1666690871682{background-color: #000000 !important;}&#8221;][vc_column width=&#8221;2\/3&#8243;][vc_empty_space height=&#8221;25px&#8221;][vc_custom_heading text=&#8221;Turkongo&#8221; font_container=&#8221;tag:h1|font_size:24px|text_align:left|color:%23ffffff&#8221; google_fonts=&#8221;font_family:Montserrat%3Aregular%2C700|font_style:700%20bold%20regular%3A700%3Anormal&#8221;][vc_custom_heading text=&#8221;You can contact us to get detailed information about our solutions and products&#8230;&#8221; font_container=&#8221;tag:h1|font_size:25px|text_align:left|color:%23e1b34a&#8221; google_fonts=&#8221;font_family:Montserrat%3Aregular%2C700|font_style:400%20regular%3A400%3Anormal&#8221;][vc_empty_space][\/vc_column][vc_column width=&#8221;1\/3&#8243;][vc_empty_space][vc_empty_space][vc_empty_space height=&#8221;15px&#8221;][vc_btn title=&#8221;Quick Request Form&#8221; style=&#8221;outline&#8221; color=&#8221;white&#8221;][vc_empty_space][\/vc_column][\/vc_row]<\/p>","protected":false},"excerpt":{"rendered":"<p>[vc_row full_width=&#8221;stretch_row_content_no_spaces&#8221; css=&#8221;.vc_custom_1669627166265{background-image: url(https:\/\/turkongo.com\/wp-content\/uploads\/2022\/11\/m1.jpg?id=1055) !important;}&#8221;][vc_column][vc_empty_space height=&#8221;102px&#8221;][vc_custom_heading text=&#8221;Project Works&#8221; font_container=&#8221;tag:h1|font_size:50px|text_align:center|color:%23ffffff&#8221; google_fonts=&#8221;font_family:Nunito%3A300%2Cregular%2C700|font_style:700%20bold%20regular%3A700%3Anormal&#8221;][vc_empty_space height=&#8221;102px&#8221;][\/vc_column][\/vc_row][vc_row][vc_column][vc_empty_space height=&#8221;50px&#8221;][vc_column_text] Projecting It is the &#8216;research-development&#8217; work done for the realization of a project. In this process, the dynamics of the realization of the project are investigated. This study&#8230;<\/p>\n","protected":false},"author":1,"featured_media":0,"parent":0,"menu_order":0,"comment_status":"closed","ping_status":"closed","template":"","meta":{"footnotes":""},"class_list":["post-1014","page","type-page","status-publish","hentry"],"_hostinger_reach_plugin_has_subscription_block":false,"_hostinger_reach_plugin_is_elementor":false,"_links":{"self":[{"href":"https:\/\/turkongo.com\/en\/wp-json\/wp\/v2\/pages\/1014","targetHints":{"allow":["GET"]}}],"collection":[{"href":"https:\/\/turkongo.com\/en\/wp-json\/wp\/v2\/pages"}],"about":[{"href":"https:\/\/turkongo.com\/en\/wp-json\/wp\/v2\/types\/page"}],"author":[{"embeddable":true,"href":"https:\/\/turkongo.com\/en\/wp-json\/wp\/v2\/users\/1"}],"replies":[{"embeddable":true,"href":"https:\/\/turkongo.com\/en\/wp-json\/wp\/v2\/comments?post=1014"}],"version-history":[{"count":7,"href":"https:\/\/turkongo.com\/en\/wp-json\/wp\/v2\/pages\/1014\/revisions"}],"predecessor-version":[{"id":1194,"href":"https:\/\/turkongo.com\/en\/wp-json\/wp\/v2\/pages\/1014\/revisions\/1194"}],"wp:attachment":[{"href":"https:\/\/turkongo.com\/en\/wp-json\/wp\/v2\/media?parent=1014"}],"curies":[{"name":"wp","href":"https:\/\/api.w.org\/{rel}","templated":true}]}}